{"id":554,"date":"2025-05-10T18:23:07","date_gmt":"2025-05-10T16:23:07","guid":{"rendered":"https:\/\/infinitoeditorial.com\/?page_id=554"},"modified":"2026-03-27T00:02:48","modified_gmt":"2026-03-26T23:02:48","slug":"infinito","status":"publish","type":"page","link":"https:\/\/infinitoeditorial.com\/index.php\/infinito\/","title":{"rendered":"Infinito"},"content":{"rendered":"<p>[et_pb_section fb_built=\u00bb1&#8243; fullwidth=\u00bbon\u00bb custom_padding_last_edited=\u00bboff|desktop\u00bb admin_label=\u00bbHeader\u00bb _builder_version=\u00bb4.27.5&#8243; z_index=\u00bb2&#8243; overflow-y=\u00bbvisible\u00bb custom_padding_tablet=\u00bb||15vw|\u00bb custom_padding_phone=\u00bb||25vw\u00bb border_color_all=\u00bb#31d190&#8243; border_width_left=\u00bb10px\u00bb locked=\u00bboff\u00bb global_colors_info=\u00bb{}\u00bb][et_pb_fullwidth_slider show_image_video_mobile=\u00bbon\u00bb _builder_version=\u00bb4.27.5&#8243; header_level=\u00bbh1&#8243; header_font=\u00bbMontserrat|800||on|||||\u00bb header_font_size=\u00bb4vw\u00bb header_line_height=\u00bb1.1em\u00bb body_font=\u00bb|600|||||||\u00bb body_font_size=\u00bb18px\u00bb body_line_height=\u00bb1.8em\u00bb background_color=\u00bb#077c2a\u00bb custom_button=\u00bbon\u00bb button_text_size=\u00bb16px\u00bb button_text_color=\u00bb#ffffff\u00bb button_bg_color=\u00bb#31d190&#8243; button_border_width=\u00bb10px\u00bb button_border_color=\u00bbrgba(0,0,0,0)\u00bb button_border_radius=\u00bb0px\u00bb button_font=\u00bbMontserrat|700|||||||\u00bb button_use_icon=\u00bboff\u00bb max_width=\u00bb100%\u00bb module_alignment=\u00bbleft\u00bb content_width=\u00bb100%\u00bb overflow-y=\u00bbvisible\u00bb custom_margin=\u00bb|||-15px||\u00bb custom_padding=\u00bb||\u00bb custom_padding_tablet=\u00bb\u00bb custom_padding_phone=\u00bb100px||100px||true\u00bb custom_padding_last_edited=\u00bbon|phone\u00bb header_font_size_tablet=\u00bb8vw\u00bb header_font_size_phone=\u00bb30px\u00bb header_font_size_last_edited=\u00bbon|desktop\u00bb body_font_size_tablet=\u00bb16px\u00bb body_font_size_phone=\u00bb14px\u00bb body_font_size_last_edited=\u00bbon|phone\u00bb body_line_height_tablet=\u00bb1.8em\u00bb body_line_height_phone=\u00bb1.7em\u00bb body_line_height_last_edited=\u00bboff|phone\u00bb custom_css_slide_image=\u00bbmax-width: 440px;\u00bb box_shadow_style_image=\u00bbpreset3&#8243; box_shadow_vertical_image=\u00bb40px\u00bb box_shadow_blur_image=\u00bb49px\u00bb box_shadow_spread_image=\u00bb-20px\u00bb box_shadow_color_image=\u00bbrgba(0,0,0,0.32)\u00bb text_shadow_style=\u00bbpreset1&#8243; text_shadow_color=\u00bbrgba(0,0,0,0)\u00bb global_colors_info=\u00bb{}\u00bb button_bg_color__hover=\u00bb#000000&#8243;][et_pb_slide heading=\u00bbNi\u00f1a De Barrio\u00bb button_text=\u00bbPrecio especial\u00bb button_link=\u00bbhttps:\/\/infinitoeditorial.com\/index.php\/product\/nina-debarrio\/\u00bb image=\u00bbhttps:\/\/infinitoeditorial.com\/wp-content\/uploads\/2025\/11\/Portada-Final-_-Alexa-Torrex-scaled.jpg\u00bb arrows_custom_color=\u00bb#000000&#8243; dot_nav_custom_color=\u00bb#000000&#8243; _builder_version=\u00bb4.27.5&#8243; header_text_color=\u00bb#FFFFFF\u00bb header_font_size=\u00bb4vw\u00bb background_color=\u00bb#3e0082&#8243; background_enable_color=\u00bbon\u00bb use_background_color_gradient=\u00bbon\u00bb background_color_gradient_direction=\u00bb124deg\u00bb background_color_gradient_stops=\u00bbrgba(255,255,255,0.1) 30%|#003c67 89%\u00bb background_color_gradient_start=\u00bbrgba(255,255,255,0.1)\u00bb background_color_gradient_start_position=\u00bb30%\u00bb background_color_gradient_end=\u00bb#31d190&#8243; background_color_gradient_end_position=\u00bb90%\u00bb background_image=\u00bbhttps:\/\/infinitoeditorial.com\/wp-content\/uploads\/2025\/05\/ebook-17-1-scaled.png\u00bb background_position=\u00bbbottom_center\u00bb custom_button=\u00bbon\u00bb button_text_color=\u00bb#FFFFFF\u00bb button_bg_color=\u00bb#8300E9&#8243; button_border_radius=\u00bb56px\u00bb button_font=\u00bb||||||||\u00bb button_icon=\u00bb&#xf073;||fa||400&#8243; button_icon_color=\u00bb#FFFFFF\u00bb button_on_hover=\u00bboff\u00bb custom_css_slide_container=\u00bbmax-width: 80%;\u00bb button_text_shadow_style=\u00bbpreset2&#8243; global_colors_info=\u00bb{}\u00bb sticky_transition=\u00bbon\u00bb]<\/p>\n<p>Desde una infancia marcada por el dolor hasta convertirse en una voz poderosa en las redes y la m\u00fasica, Alexa Torrex abre su coraz\u00f3n en estas p\u00e1ginas con una honestidad profunda.<\/p>\n<p>[\/et_pb_slide][et_pb_slide heading=\u00bbTODOS BUSCAMOS LO MISMO\u00bb button_text=\u00bbCompra aqu\u00ed\u00bb button_link=\u00bbhttps:\/\/www.librerianacional.com\/la%20energ%C3%ADa%20es%20la%20vida?_q=La%20energ%C3%ADa%20es%20la%20vida&#038;map=ft\u00bb image=\u00bbhttps:\/\/infinitoeditorial.com\/wp-content\/uploads\/2026\/03\/BOCETOS-PORTADAS-9.png\u00bb arrows_custom_color=\u00bb#000000&#8243; dot_nav_custom_color=\u00bb#000000&#8243; _builder_version=\u00bb4.27.5&#8243; header_text_color=\u00bb#FFFFFF\u00bb header_font_size=\u00bb4vw\u00bb background_color=\u00bb#1b8e5c\u00bb background_enable_color=\u00bbon\u00bb use_background_color_gradient=\u00bbon\u00bb background_color_gradient_direction=\u00bb124deg\u00bb background_color_gradient_stops=\u00bbrgba(255,255,255,0.1) 30%|#003c67 89%\u00bb background_color_gradient_start=\u00bbrgba(255,255,255,0.1)\u00bb background_color_gradient_start_position=\u00bb30%\u00bb background_color_gradient_end=\u00bb#31d190&#8243; background_color_gradient_end_position=\u00bb90%\u00bb background_image=\u00bbhttps:\/\/infinitoeditorial.com\/wp-content\/uploads\/2025\/05\/ebook-17-1-scaled.png\u00bb background_position=\u00bbbottom_center\u00bb custom_button=\u00bbon\u00bb button_bg_color=\u00bb#D98028&#8243; button_font=\u00bb||||||||\u00bb custom_css_slide_container=\u00bbmax-width: 80%;\u00bb global_colors_info=\u00bb{}\u00bb sticky_transition=\u00bbon\u00bb]<\/p>\n<p>Una de las f\u00e1bulas espirituales m\u00e1s le\u00eddas de los \u00faltimos a\u00f1os.<\/p>\n<p>[\/et_pb_slide][et_pb_slide heading=\u00bbLa consciencia de asumir\u00bb button_text=\u00bbCompra aqu\u00ed\u00bb button_link=\u00bbhttps:\/\/www.librerianacional.com\/carlota-meesters\/p?srsltid=AfmBOopA-Btl6bLI1dV1EtIcx_LTmRflva6UGeNCFiiPqJqM19B-KmrB\u00bb image=\u00bbhttps:\/\/infinitoeditorial.com\/wp-content\/uploads\/2026\/03\/BOCETOS-PORTADAS-3.png\u00bb arrows_custom_color=\u00bb#000000&#8243; dot_nav_custom_color=\u00bb#000000&#8243; _builder_version=\u00bb4.27.5&#8243; body_font=\u00bb|600|||||||\u00bb background_color=\u00bb#000000&#8243; background_image=\u00bbhttps:\/\/infinitoeditorial.com\/wp-content\/uploads\/2025\/05\/ebook-45-scaled.png\u00bb background_size=\u00bbcontain\u00bb background_position=\u00bbbottom_center\u00bb custom_button=\u00bbon\u00bb button_bg_color=\u00bb#D98028&#8243; custom_css_slide_container=\u00bbmax-width: 80%;\u00bb global_colors_info=\u00bb{}\u00bb sticky_transition=\u00bbon\u00bb]<\/p>\n<p>Una propuesta \u00e9tica para convertir el error humano en libertad interior<\/p>\n<p>[\/et_pb_slide][et_pb_slide heading=\u00bbEL ADN DE LA ASTROLOG\u00cdA\u00bb button_text=\u00bbCompra aqu\u00ed\u00bb button_link=\u00bbhttps:\/\/wa.me\/message\/NUH6473F5QK6K1&#8243; image=\u00bbhttps:\/\/infinitoeditorial.com\/wp-content\/uploads\/2026\/03\/BOCETOS-PORTADAS-5.png\u00bb arrows_custom_color=\u00bb#000000&#8243; dot_nav_custom_color=\u00bb#000000&#8243; _builder_version=\u00bb4.27.5&#8243; body_font=\u00bb|600|||||||\u00bb background_color=\u00bb#3d8715&#8243; background_enable_color=\u00bbon\u00bb use_background_color_gradient=\u00bbon\u00bb background_color_gradient_stops=\u00bb#d98028 30%|#ffffff 100%\u00bb background_color_gradient_start=\u00bb#31d190&#8243; background_color_gradient_start_position=\u00bb32%\u00bb background_color_gradient_end=\u00bb#ffffff\u00bb background_image=\u00bbhttps:\/\/infinitoeditorial.com\/wp-content\/uploads\/2025\/05\/ebook-46-scaled.png\u00bb background_size=\u00bbcontain\u00bb background_position=\u00bbtop_center\u00bb custom_button=\u00bbon\u00bb button_text_color=\u00bb#FFFFFF\u00bb button_bg_color=\u00bb#003C67&#8243; custom_css_slide_container=\u00bbmax-width: 80%;\u00bb global_colors_info=\u00bb{}\u00bb sticky_transition=\u00bbon\u00bb]<\/p>\n<p><span>Un libro revolucionario y disruptivo sobre el temperamento y la astrolog\u00eda. <\/span><\/p>\n<p>[\/et_pb_slide][\/et_pb_fullwidth_slider][\/et_pb_section][et_pb_section fb_built=\u00bb1&#8243; admin_label=\u00bbShop\u00bb _builder_version=\u00bb4.16&#8243; locked=\u00bboff\u00bb global_colors_info=\u00bb{}\u00bb][et_pb_row _builder_version=\u00bb4.16&#8243; global_colors_info=\u00bb{}\u00bb][et_pb_column type=\u00bb4_4&#8243; _builder_version=\u00bb4.16&#8243; custom_padding=\u00bb|||\u00bb global_colors_info=\u00bb{}\u00bb custom_padding__hover=\u00bb|||\u00bb][et_pb_image src=\u00bbhttps:\/\/infinitoeditorial.com\/wp-content\/uploads\/2025\/05\/author-icon-05-4.png\u00bb _builder_version=\u00bb4.27.4&#8243; filter_hue_rotate=\u00bb243deg\u00bb filter_saturate=\u00bb83%\u00bb filter_brightness=\u00bb98%\u00bb always_center_on_mobile=\u00bboff\u00bb locked=\u00bboff\u00bb global_colors_info=\u00bb{}\u00bb][\/et_pb_image][et_pb_text _builder_version=\u00bb4.27.5&#8243; header_font=\u00bb||||||||\u00bb header_2_font=\u00bbMontserrat|800||on|||||\u00bb header_2_text_color=\u00bb#000000&#8243; header_2_font_size=\u00bb60px\u00bb header_2_line_height=\u00bb1.2em\u00bb module_alignment=\u00bbright\u00bb header_2_font_size_tablet=\u00bb40px\u00bb header_2_font_size_phone=\u00bb25px\u00bb header_2_font_size_last_edited=\u00bbon|desktop\u00bb locked=\u00bboff\u00bb global_colors_info=\u00bb{}\u00bb]<\/p>\n<h2>novedades<\/h2>\n<p>[\/et_pb_text][\/et_pb_column][\/et_pb_row][et_pb_row _builder_version=\u00bb4.27.4&#8243; global_colors_info=\u00bb{}\u00bb][et_pb_column type=\u00bb4_4&#8243; _builder_version=\u00bb4.16&#8243; custom_padding=\u00bb|||\u00bb global_colors_info=\u00bb{}\u00bb custom_padding__hover=\u00bb|||\u00bb][et_pb_shop type=\u00bblatest\u00bb posts_number=\u00bb4&#8243; columns_number=\u00bb4&#8243; _builder_version=\u00bb4.27.6&#8243; title_font=\u00bbMontserrat|700|||||||\u00bb title_font_size=\u00bb16px\u00bb title_line_height=\u00bb1.5em\u00bb price_font=\u00bb|700|||||||\u00bb price_text_color=\u00bb#31d190&#8243; text_orientation=\u00bbcenter\u00bb min_height=\u00bb458px\u00bb custom_padding=\u00bb||0px|||\u00bb background_last_edited=\u00bboff|tablet\u00bb bapf_apply=\u00bbdisable\u00bb border_radii_image=\u00bboff||||\u00bb box_shadow_style_image=\u00bbpreset2&#8243; global_colors_info=\u00bb{}\u00bb][\/et_pb_shop][et_pb_text _builder_version=\u00bb4.27.5&#8243; header_font=\u00bb||||||||\u00bb header_2_font=\u00bbMontserrat|800||on|||||\u00bb header_2_text_color=\u00bb#000000&#8243; header_2_font_size=\u00bb60px\u00bb header_2_line_height=\u00bb1.2em\u00bb module_alignment=\u00bbright\u00bb header_2_font_size_tablet=\u00bb40px\u00bb header_2_font_size_phone=\u00bb25px\u00bb header_2_font_size_last_edited=\u00bbon|desktop\u00bb locked=\u00bboff\u00bb global_colors_info=\u00bb{}\u00bb]<\/p>\n<h2>todos los titulos<\/h2>\n<p>[\/et_pb_text][\/et_pb_column][\/et_pb_row][et_pb_row column_structure=\u00bb1_4,3_4&#8243; _builder_version=\u00bb4.27.6&#8243; _module_preset=\u00bbdefault\u00bb global_colors_info=\u00bb{}\u00bb][et_pb_column type=\u00bb1_4&#8243; _builder_version=\u00bb4.27.6&#8243; _module_preset=\u00bbdefault\u00bb global_colors_info=\u00bb{}\u00bb][et_pb_sidebar area=\u00bbsidebar-1&#8243; _builder_version=\u00bb4.27.6&#8243; _module_preset=\u00bbdefault\u00bb global_colors_info=\u00bb{}\u00bb][\/et_pb_sidebar][\/et_pb_column][et_pb_column type=\u00bb3_4&#8243; _builder_version=\u00bb4.27.6&#8243; _module_preset=\u00bbdefault\u00bb global_colors_info=\u00bb{}\u00bb][et_pb_shop show_pagination=\u00bbon\u00bb orderby=\u00bbmenu_order\u00bb _builder_version=\u00bb4.27.6&#8243; _module_preset=\u00bbdefault\u00bb bapf_apply=\u00bbenable\u00bb global_colors_info=\u00bb{}\u00bb][\/et_pb_shop][\/et_pb_column][\/et_pb_row][\/et_pb_section][et_pb_section fb_built=\u00bb1&#8243; admin_label=\u00bbCall To Action\u00bb _builder_version=\u00bb4.27.4&#8243; background_color=\u00bb#540089&#8243; transform_translate=\u00bb-10px|0px\u00bb transform_translate_linked=\u00bboff\u00bb width=\u00bb93%\u00bb module_alignment=\u00bbright\u00bb custom_margin=\u00bb||10vw|||\u00bb custom_margin_tablet=\u00bb||20vw|\u00bb custom_margin_phone=\u00bb\u00bb custom_margin_last_edited=\u00bbon|phone\u00bb border_color_all=\u00bb#000000&#8243; border_width_right=\u00bb6vw\u00bb border_color_right=\u00bb#ffffff\u00bb box_shadow_style=\u00bbpreset4&#8243; box_shadow_vertical=\u00bb0px\u00bb box_shadow_color=\u00bb#000000&#8243; locked=\u00bboff\u00bb global_colors_info=\u00bb{}\u00bb][et_pb_row column_structure=\u00bb3_5,2_5&#8243; _builder_version=\u00bb4.16&#8243; global_colors_info=\u00bb{}\u00bb][et_pb_column type=\u00bb3_5&#8243; _builder_version=\u00bb4.16&#8243; custom_padding=\u00bb|||\u00bb global_colors_info=\u00bb{}\u00bb custom_padding__hover=\u00bb|||\u00bb][et_pb_text _builder_version=\u00bb4.27.4&#8243; text_font=\u00bb||||||||\u00bb text_font_size=\u00bb18px\u00bb text_line_height=\u00bb1.8em\u00bb header_font=\u00bb||||||||\u00bb header_2_font=\u00bbMontserrat|800||on|||||\u00bb header_2_font_size=\u00bb60px\u00bb header_2_line_height=\u00bb1.2em\u00bb header_3_font=\u00bbMontserrat|700|||||||\u00bb header_3_font_size=\u00bb16px\u00bb header_3_line_height=\u00bb1.4em\u00bb text_orientation=\u00bbcenter\u00bb background_layout=\u00bbdark\u00bb module_alignment=\u00bbright\u00bb text_font_size_tablet=\u00bb16px\u00bb text_font_size_phone=\u00bb14px\u00bb text_font_size_last_edited=\u00bbon|phone\u00bb text_line_height_tablet=\u00bb1.8em\u00bb text_line_height_phone=\u00bb1.7em\u00bb text_line_height_last_edited=\u00bboff|phone\u00bb header_2_font_size_tablet=\u00bb40px\u00bb header_2_font_size_phone=\u00bb25px\u00bb header_2_font_size_last_edited=\u00bbon|desktop\u00bb global_colors_info=\u00bb{}\u00bb]<\/p>\n<h3>PR\u00d3XIMO LANZAMIENTO<\/h3>\n<h2>ni\u00f1a de barrio<\/h2>\n<p>ALEXA TORREX<\/p>\n<p>[\/et_pb_text][et_pb_text _builder_version=\u00bb4.27.4&#8243; _module_preset=\u00bbdefault\u00bb text_text_color=\u00bb#FFFFFF\u00bb text_font_size=\u00bb16px\u00bb global_colors_info=\u00bb{}\u00bb]<\/p>\n<p>Criada en un barrio humilde, enfrent\u00f3 maltrato, bullying y carencias econ\u00f3micas. Pero encontr\u00f3 en la m\u00fasica, en la escuela y en las redes sociales, una forma de resistir. A los quince a\u00f1os grab\u00f3 su primera canci\u00f3n. M\u00e1s tarde se abri\u00f3 camino en YouTube, convirti\u00e9ndose en una de las creadoras m\u00e1s queridas del pa\u00eds, con m\u00e1s de 18 millones de seguidores tambi\u00e9n en TikTok e Instagram. <\/p>\n<p>[\/et_pb_text][et_pb_button button_url=\u00bbhttps:\/\/infinitoeditorial.com\/index.php\/product\/nina-debarrio\/\u00bb button_text=\u00bbPre-ordenar\u00bb button_alignment=\u00bbcenter\u00bb _builder_version=\u00bb4.27.4&#8243; custom_button=\u00bbon\u00bb button_text_size=\u00bb16px\u00bb button_text_color=\u00bb#ffffff\u00bb button_bg_color=\u00bbrgba(0,0,0,0)\u00bb button_border_width=\u00bb2px\u00bb button_border_radius=\u00bb0px\u00bb button_font=\u00bbMontserrat|700|||||||\u00bb button_use_icon=\u00bboff\u00bb background_layout=\u00bbdark\u00bb custom_padding=\u00bb16px|38px|16px|38px|true|true\u00bb locked=\u00bboff\u00bb global_colors_info=\u00bb{}\u00bb button_bg_color__hover=\u00bbrgba(255,255,255,0.1)\u00bb button_border_color__hover=\u00bbrgba(0,0,0,0)\u00bb button_text_color__hover=\u00bb#000000&#8243; button_text_color__hover_enabled=\u00bbon\u00bb][\/et_pb_button][\/et_pb_column][et_pb_column type=\u00bb2_5&#8243; _builder_version=\u00bb4.16&#8243; custom_padding=\u00bb|||\u00bb global_colors_info=\u00bb{}\u00bb custom_padding__hover=\u00bb|||\u00bb][et_pb_image src=\u00bbhttps:\/\/infinitoeditorial.com\/wp-content\/uploads\/2025\/11\/Portada-Final-_-Alexa-Torrex-scaled.jpg\u00bb title_text=\u00bbPortada Final _ Alexa Torrex\u00bb align_tablet=\u00bbcenter\u00bb align_phone=\u00bb\u00bb align_last_edited=\u00bbon|desktop\u00bb _builder_version=\u00bb4.27.4&#8243; max_width_tablet=\u00bb400px\u00bb max_width_phone=\u00bb\u00bb max_width_last_edited=\u00bbon|desktop\u00bb custom_margin=\u00bb||-180px\u00bb custom_padding=\u00bb|0px||||\u00bb animation_direction=\u00bbbottom\u00bb global_colors_info=\u00bb{}\u00bb][\/et_pb_image][\/et_pb_column][\/et_pb_row][\/et_pb_section][et_pb_section fb_built=\u00bb1&#8243; custom_padding_last_edited=\u00bbon|phone\u00bb admin_label=\u00bbFooter\u00bb _builder_version=\u00bb4.27.4&#8243; background_color=\u00bb#000000&#8243; background_color_gradient_direction=\u00bb240deg\u00bb background_image=\u00bbhttps:\/\/infinitoeditorial.com\/wp-content\/uploads\/2025\/05\/ebook-40-scaled.png\u00bb background_size=\u00bbcontain\u00bb background_position=\u00bbtop_center\u00bb custom_margin=\u00bb||\u00bb custom_padding=\u00bb16vw||4vw||false|\u00bb custom_padding_tablet=\u00bb36vw||\u00bb custom_padding_phone=\u00bb46vw||4vw||false|\u00bb locked=\u00bboff\u00bb global_colors_info=\u00bb{}\u00bb][et_pb_row column_structure=\u00bb1_2,1_2&#8243; _builder_version=\u00bb4.16&#8243; max_width=\u00bb80%\u00bb global_colors_info=\u00bb{}\u00bb][et_pb_column type=\u00bb1_2&#8243; _builder_version=\u00bb4.16&#8243; custom_padding=\u00bb|||\u00bb global_colors_info=\u00bb{}\u00bb custom_padding__hover=\u00bb|||\u00bb][et_pb_text _builder_version=\u00bb4.16&#8243; text_font=\u00bb||||||||\u00bb text_font_size=\u00bb18px\u00bb text_line_height=\u00bb1.8em\u00bb header_font=\u00bb||||||||\u00bb header_2_font=\u00bbMontserrat|800||on|||||\u00bb header_2_font_size=\u00bb6vw\u00bb header_2_line_height=\u00bb1.2em\u00bb header_3_font=\u00bbMontserrat|700|||||||\u00bb header_3_font_size=\u00bb16px\u00bb header_3_line_height=\u00bb1.4em\u00bb background_layout=\u00bbdark\u00bb module_alignment=\u00bbright\u00bb text_font_size_tablet=\u00bb16px\u00bb text_font_size_phone=\u00bb14px\u00bb text_font_size_last_edited=\u00bbon|phone\u00bb text_line_height_tablet=\u00bb1.8em\u00bb text_line_height_phone=\u00bb1.7em\u00bb text_line_height_last_edited=\u00bboff|phone\u00bb header_2_font_size_tablet=\u00bb\u00bb header_2_font_size_phone=\u00bb8vw\u00bb header_2_font_size_last_edited=\u00bbon|phone\u00bb global_colors_info=\u00bb{}\u00bb]<\/p>\n<h2>10% discount on books.<\/h2>\n<p>Lorem ipsum dolor sit amet, consectetur adipiscing elit, sed do eiusmod tempor incididunt ut labore et dolore magna aliqua.<\/p>\n<p>[\/et_pb_text][et_pb_signup mailchimp_list=\u00bbelegantthemestest|b373b2459d\u00bb first_name_field=\u00bboff\u00bb last_name_field=\u00bboff\u00bb _builder_version=\u00bb4.27.4&#8243; form_field_font=\u00bb||||||||\u00bb form_field_line_height=\u00bb1.8em\u00bb use_background_color=\u00bboff\u00bb custom_button=\u00bbon\u00bb button_text_size=\u00bb16px\u00bb button_text_color=\u00bb#ffffff\u00bb button_bg_color=\u00bb#D98028&#8243; button_border_width=\u00bb10px\u00bb button_border_color=\u00bbrgba(0,0,0,0)\u00bb button_border_radius=\u00bb0px\u00bb button_font=\u00bbMontserrat|700|||||||\u00bb button_use_icon=\u00bboff\u00bb border_radii_fields=\u00bbon|0px|0px|0px|0px\u00bb global_colors_info=\u00bb{}\u00bb][\/et_pb_signup][et_pb_social_media_follow _builder_version=\u00bb4.16&#8243; global_colors_info=\u00bb{}\u00bb][et_pb_social_media_follow_network social_network=\u00bbfacebook\u00bb _builder_version=\u00bb4.16&#8243; background_color=\u00bbrgba(0,0,0,0)\u00bb custom_padding=\u00bb10px|10px|10px|10px\u00bb border_radii=\u00bbon|0px|0px|0px|0px\u00bb global_colors_info=\u00bb{}\u00bb follow_button=\u00bboff\u00bb url_new_window=\u00bbon\u00bb]facebook[\/et_pb_social_media_follow_network][et_pb_social_media_follow_network social_network=\u00bbtwitter\u00bb _builder_version=\u00bb4.16&#8243; background_color=\u00bbrgba(0,0,0,0)\u00bb custom_padding=\u00bb10px|10px|10px|10px\u00bb border_radii=\u00bbon|0px|0px|0px|0px\u00bb global_colors_info=\u00bb{}\u00bb follow_button=\u00bboff\u00bb url_new_window=\u00bbon\u00bb]twitter[\/et_pb_social_media_follow_network][et_pb_social_media_follow_network social_network=\u00bbyoutube\u00bb _builder_version=\u00bb4.16&#8243; background_color=\u00bbrgba(0,0,0,0)\u00bb custom_padding=\u00bb10px|10px|10px|10px\u00bb border_radii=\u00bbon|0px|0px|0px|0px\u00bb global_colors_info=\u00bb{}\u00bb follow_button=\u00bboff\u00bb url_new_window=\u00bbon\u00bb]youtube[\/et_pb_social_media_follow_network][\/et_pb_social_media_follow][\/et_pb_column][et_pb_column type=\u00bb1_2&#8243; _builder_version=\u00bb4.16&#8243; custom_padding=\u00bb|||\u00bb global_colors_info=\u00bb{}\u00bb custom_padding__hover=\u00bb|||\u00bb][\/et_pb_column][\/et_pb_row][\/et_pb_section]<\/p>\n","protected":false},"excerpt":{"rendered":"<p>Desde una infancia marcada por el dolor hasta convertirse en una voz poderosa en las redes y la m\u00fasica, Alexa Torrex abre su coraz\u00f3n en estas p\u00e1ginas con una honestidad profunda.Una de las f\u00e1bulas espirituales m\u00e1s le\u00eddas de los \u00faltimos a\u00f1os.Una propuesta \u00e9tica para convertir el error humano en libertad interiorUn libro revolucionario y disruptivo [&hellip;]<\/p>\n","protected":false},"author":1,"featured_media":0,"parent":0,"menu_order":0,"comment_status":"closed","ping_status":"closed","template":"","meta":{"_et_pb_use_builder":"on","_et_pb_old_content":"","_et_gb_content_width":"","_joinchat":[],"footnotes":""},"class_list":["post-554","page","type-page","status-publish","hentry"],"aioseo_notices":[],"jetpack_sharing_enabled":true,"_links":{"self":[{"href":"https:\/\/infinitoeditorial.com\/index.php\/wp-json\/wp\/v2\/pages\/554","targetHints":{"allow":["GET"]}}],"collection":[{"href":"https:\/\/infinitoeditorial.com\/index.php\/wp-json\/wp\/v2\/pages"}],"about":[{"href":"https:\/\/infinitoeditorial.com\/index.php\/wp-json\/wp\/v2\/types\/page"}],"author":[{"embeddable":true,"href":"https:\/\/infinitoeditorial.com\/index.php\/wp-json\/wp\/v2\/users\/1"}],"replies":[{"embeddable":true,"href":"https:\/\/infinitoeditorial.com\/index.php\/wp-json\/wp\/v2\/comments?post=554"}],"version-history":[{"count":22,"href":"https:\/\/infinitoeditorial.com\/index.php\/wp-json\/wp\/v2\/pages\/554\/revisions"}],"predecessor-version":[{"id":806,"href":"https:\/\/infinitoeditorial.com\/index.php\/wp-json\/wp\/v2\/pages\/554\/revisions\/806"}],"wp:attachment":[{"href":"https:\/\/infinitoeditorial.com\/index.php\/wp-json\/wp\/v2\/media?parent=554"}],"curies":[{"name":"wp","href":"https:\/\/api.w.org\/{rel}","templated":true}]}}