{"id":570,"date":"2025-05-23T18:14:05","date_gmt":"2025-05-23T16:14:05","guid":{"rendered":"https:\/\/infinitoeditorial.com\/?post_type=product&#038;p=570"},"modified":"2025-11-11T00:08:42","modified_gmt":"2025-11-10T23:08:42","slug":"emociones-sin-mascara","status":"publish","type":"product","link":"https:\/\/infinitoeditorial.com\/index.php\/product\/emociones-sin-mascara\/","title":{"rendered":"Emociones sin m\u00e1scaras"},"content":{"rendered":"<p>[et_pb_section fb_built=\u00bb1&#8243; _builder_version=\u00bb4.16&#8243; custom_padding=\u00bb0px||||false|false\u00bb global_colors_info=\u00bb{}\u00bb][et_pb_row _builder_version=\u00bb4.16&#8243; background_size=\u00bbinitial\u00bb background_position=\u00bbtop_left\u00bb background_repeat=\u00bbrepeat\u00bb width=\u00bb100%\u00bb custom_padding=\u00bb0px||0px||false|false\u00bb global_colors_info=\u00bb{}\u00bb][et_pb_column type=\u00bb4_4&#8243; _builder_version=\u00bb4.16&#8243; custom_padding=\u00bb|||\u00bb global_colors_info=\u00bb{}\u00bb custom_padding__hover=\u00bb|||\u00bb][et_pb_wc_breadcrumb _builder_version=\u00bb4.16&#8243; global_colors_info=\u00bb{}\u00bb][\/et_pb_wc_breadcrumb][et_pb_wc_cart_notice _builder_version=\u00bb4.16&#8243; global_colors_info=\u00bb{}\u00bb][\/et_pb_wc_cart_notice][\/et_pb_column][\/et_pb_row][et_pb_row column_structure=\u00bb1_2,1_2&#8243; _builder_version=\u00bb4.16&#8243; background_size=\u00bbinitial\u00bb background_position=\u00bbtop_left\u00bb background_repeat=\u00bbrepeat\u00bb width=\u00bb100%\u00bb custom_padding=\u00bb0px||||false|false\u00bb global_colors_info=\u00bb{}\u00bb][et_pb_column type=\u00bb1_2&#8243; _builder_version=\u00bb4.16&#8243; custom_padding=\u00bb|||\u00bb global_colors_info=\u00bb{}\u00bb custom_padding__hover=\u00bb|||\u00bb][et_pb_wc_images _builder_version=\u00bb4.16&#8243; global_colors_info=\u00bb{}\u00bb][\/et_pb_wc_images][\/et_pb_column][et_pb_column type=\u00bb1_2&#8243; _builder_version=\u00bb4.16&#8243; custom_padding=\u00bb|||\u00bb global_colors_info=\u00bb{}\u00bb custom_padding__hover=\u00bb|||\u00bb][et_pb_wc_title _builder_version=\u00bb4.16&#8243; global_colors_info=\u00bb{}\u00bb][\/et_pb_wc_title][et_pb_wc_rating _builder_version=\u00bb4.16&#8243; global_colors_info=\u00bb{}\u00bb][\/et_pb_wc_rating][et_pb_wc_price _builder_version=\u00bb4.16&#8243; global_colors_info=\u00bb{}\u00bb][\/et_pb_wc_price][et_pb_wc_description _builder_version=\u00bb4.16&#8243; global_colors_info=\u00bb{}\u00bb][\/et_pb_wc_description][et_pb_wc_add_to_cart _builder_version=\u00bb4.27.4&#8243; custom_button=\u00bbon\u00bb button_text_color=\u00bb#D98028&#8243; global_colors_info=\u00bb{}\u00bb][\/et_pb_wc_add_to_cart][et_pb_accordion _builder_version=\u00bb4.27.4&#8243; _module_preset=\u00bbdefault\u00bb link_option_url_new_window=\u00bbon\u00bb hover_enabled=\u00bb0&#8243; global_colors_info=\u00bb{}\u00bb sticky_enabled=\u00bb0&#8243;][et_pb_accordion_item title=\u00bbbuscalibre.com\u00bb open=\u00bbon\u00bb _builder_version=\u00bb4.27.4&#8243; _module_preset=\u00bbdefault\u00bb link_option_url=\u00bbhttps:\/\/www.buscalibre.com.co\/libro-emociones-sin-mascaras\/9786289685534\/p\/64242317&#8243; link_option_url_new_window=\u00bbon\u00bb hover_enabled=\u00bb0&#8243; global_colors_info=\u00bb{}\u00bb sticky_enabled=\u00bb0&#8243;][\/et_pb_accordion_item][et_pb_accordion_item title=\u00bbamazon.com\u00bb _builder_version=\u00bb4.27.4&#8243; _module_preset=\u00bbdefault\u00bb link_option_url=\u00bbhttps:\/\/www.amazon.com\/s?k=emociones+sin+mascara&#038;__mk_es_US=%C3%85M%C3%85%C5%BD%C3%95%C3%91&#038;crid=1HWLVGMISHN0G&#038;sprefix=emociones+sin+mascara%2Caps%2C137&#038;ref=nb_sb_noss\u00bb link_option_url_new_window=\u00bbon\u00bb hover_enabled=\u00bb0&#8243; global_colors_info=\u00bb{}\u00bb open=\u00bboff\u00bb sticky_enabled=\u00bb0&#8243;][\/et_pb_accordion_item][et_pb_accordion_item title=\u00bbLibrer\u00eda Nacional \u00bb _builder_version=\u00bb4.27.4&#8243; _module_preset=\u00bbdefault\u00bb link_option_url=\u00bbhttps:\/\/www.librerianacional.com\/emociones-sin-mascaras\/p?srsltid=AfmBOoomm2FZS_BBKTiXiFU3LroVPsw1lm8ejO_zispbJznZxVUiKLqj\u00bb link_option_url_new_window=\u00bbon\u00bb hover_enabled=\u00bb0&#8243; global_colors_info=\u00bb{}\u00bb open=\u00bboff\u00bb sticky_enabled=\u00bb0&#8243;][\/et_pb_accordion_item][et_pb_accordion_item title=\u00bbLibrer\u00eda Gr\u00e1mmata\u00bb _builder_version=\u00bb4.27.4&#8243; _module_preset=\u00bbdefault\u00bb link_option_url=\u00bbhttps:\/\/libreriagrammata.com\/\u00bb link_option_url_new_window=\u00bbon\u00bb hover_enabled=\u00bb0&#8243; global_colors_info=\u00bb{}\u00bb open=\u00bboff\u00bb sticky_enabled=\u00bb0&#8243;][\/et_pb_accordion_item][\/et_pb_accordion][dsm_icon_list _builder_version=\u00bb4.27.4&#8243; _module_preset=\u00bbdefault\u00bb global_colors_info=\u00bb{}\u00bb][\/dsm_icon_list][et_pb_wc_meta _builder_version=\u00bb4.16&#8243; global_colors_info=\u00bb{}\u00bb][\/et_pb_wc_meta][\/et_pb_column][\/et_pb_row][et_pb_row _builder_version=\u00bb4.16&#8243; background_size=\u00bbinitial\u00bb background_position=\u00bbtop_left\u00bb background_repeat=\u00bbrepeat\u00bb width=\u00bb100%\u00bb global_colors_info=\u00bb{}\u00bb][et_pb_column type=\u00bb4_4&#8243; _builder_version=\u00bb4.16&#8243; custom_padding=\u00bb|||\u00bb global_colors_info=\u00bb{}\u00bb custom_padding__hover=\u00bb|||\u00bb][et_pb_wc_tabs _builder_version=\u00bb4.16&#8243; global_colors_info=\u00bb{}\u00bb]\t\t\t\t\t[\/et_pb_wc_tabs][et_pb_wc_upsells _builder_version=\u00bb4.16&#8243; global_colors_info=\u00bb{}\u00bb][\/et_pb_wc_upsells][et_pb_wc_related_products _builder_version=\u00bb4.16&#8243; global_colors_info=\u00bb{}\u00bb][\/et_pb_wc_related_products][\/et_pb_column][\/et_pb_row][\/et_pb_section]<\/p>\n","protected":false},"excerpt":{"rendered":"<p><span style=\"font-weight: 400;\"><span style=\"vertical-align: inherit;\"><span style=\"vertical-align: inherit;\">\u00bfQu\u00e9 pasar\u00eda si las personas les prestaran atenci\u00f3n a sus emociones tanto como lo hacen con otros aspectos de su vida? Esta es una de las preguntas fundamentales de este libro, escrita por la psic\u00f3loga y especialista en educaci\u00f3n, cultura y pol\u00edtica, Catalina Arcila, quien con su estilo claro y emp\u00e1tico, nos gu\u00eda a trav\u00e9s de un viaje introspectivo donde descubrimos c\u00f3mo nuestras emociones influyen en cada aspecto de nuestra vida.\u00a0<\/span><\/span><\/span><\/p>\n","protected":false},"featured_media":494,"comment_status":"open","ping_status":"closed","template":"","meta":{"_et_pb_use_builder":"on","_et_pb_old_content":"<span style=\"font-weight: 400\"><span style=\"vertical-align: inherit\"><span style=\"vertical-align: inherit\">Libro: Emociones sin m\u00e1scaras\u00a0<\/span><\/span><\/span>\r\n\r\n<span style=\"font-weight: 400\"><span style=\"vertical-align: inherit\"><span style=\"vertical-align: inherit\">\u00bfQu\u00e9 pasar\u00eda si las personas les prestaran atenci\u00f3n a sus emociones tanto como lo hacen con otros aspectos de su vida? Esta es una de las preguntas fundamentales de este libro, escrita por la psic\u00f3loga y especialista en educaci\u00f3n, cultura y pol\u00edtica, Catalina Arcila, quien con su estilo claro y emp\u00e1tico, nos gu\u00eda a trav\u00e9s de un viaje introspectivo donde descubrimos c\u00f3mo nuestras emociones influyen en cada aspecto de nuestra vida.\u00a0<\/span><\/span><\/span>\r\n\r\n<span style=\"font-weight: 400\"><span style=\"vertical-align: inherit\"><span style=\"vertical-align: inherit\">Desde la alegr\u00eda hasta la tristeza, pasando por el miedo y la ira, este libro nos ense\u00f1a a reconocer, aceptar y gestionar nuestras emociones de manera saludable.<\/span><\/span><\/span>\r\n\r\n<span style=\"font-weight: 400\"><span style=\"vertical-align: inherit\"><span style=\"vertical-align: inherit\">A trav\u00e9s de ejemplos conmovedores y ejercicios pr\u00e1cticos, la autora nos muestra que las emociones no son ni buenas ni malas, sino herramientas esenciales para nuestra adaptaci\u00f3n y supervivencia. Con un enfoque basado en la neurociencia y la psicolog\u00eda moderna, Emociones sin m\u00e1scaras ofrece estrategias efectivas para transformar nuestras emociones en aliadas poderosas.<\/span><\/span><\/span>\r\n\r\n<span style=\"font-weight: 400\"><span style=\"vertical-align: inherit\"><span style=\"vertical-align: inherit\">Descubre el poder de tus emociones y aprende a vivir sin m\u00e1scaras.\r\n<\/span><\/span><\/span>\r\n\r\n<span style=\"font-weight: 400\"><span style=\"vertical-align: inherit\">Catalina Arcila.\u00a0<\/span><\/span>\r\n\r\n<span style=\"font-weight: 400\"><span style=\"vertical-align: inherit\">Desde siempre, su pasi\u00f3n ha sido el arte, la literatura y las ciencias humanas. Se form\u00f3 en psicolog\u00eda, especializ\u00e1ndose en educaci\u00f3n, cultura y pol\u00edtica, y como cofundadora de la ruta Briefing empresarial en Medell\u00edn, ha ayudado a diversas organizaciones a mejorar las relaciones interpersonales, gestionar emociones y construir caminos hacia el empoderamiento y el \u00e9xito.<\/span><\/span>\r\n\r\n<span style=\"font-weight: 400\"><span style=\"vertical-align: inherit\">Con m\u00e1s de 30 a\u00f1os de experiencia como docente universitaria y psic\u00f3loga, se ha dedicado a explorar los desarrollos mentales, el comportamiento humano y las relaciones sociales y comunitarias. Actualmente, combina la psicolog\u00eda positiva digital, los programas de radio y televisi\u00f3n, y los avances en neurociencias para llegar a un p\u00fablico informado y conectado, interesado en la gesti\u00f3n emocional. Sus valiosas experiencias con pacientes, estudiantes y colegas le han inspirado a compartir su pasi\u00f3n por las emociones humanas, la evoluci\u00f3n de la conciencia y su impacto transformador en la vida.<\/span><\/span>\r\n\r\n&nbsp;\r\n\r\n&nbsp;","_et_gb_content_width":"","_joinchat":[]},"product_brand":[],"product_cat":[24],"product_tag":[],"class_list":{"0":"post-570","1":"product","2":"type-product","3":"status-publish","4":"has-post-thumbnail","6":"product_cat-crece","8":"first","9":"instock","10":"shipping-taxable","11":"purchasable","12":"product-type-simple","13":"berocket_lgv_grid","14":"berocket_lgv_list_grid"},"aioseo_notices":[],"jetpack_sharing_enabled":true,"_links":{"self":[{"href":"https:\/\/infinitoeditorial.com\/index.php\/wp-json\/wp\/v2\/product\/570","targetHints":{"allow":["GET"]}}],"collection":[{"href":"https:\/\/infinitoeditorial.com\/index.php\/wp-json\/wp\/v2\/product"}],"about":[{"href":"https:\/\/infinitoeditorial.com\/index.php\/wp-json\/wp\/v2\/types\/product"}],"replies":[{"embeddable":true,"href":"https:\/\/infinitoeditorial.com\/index.php\/wp-json\/wp\/v2\/comments?post=570"}],"wp:featuredmedia":[{"embeddable":true,"href":"https:\/\/infinitoeditorial.com\/index.php\/wp-json\/wp\/v2\/media\/494"}],"wp:attachment":[{"href":"https:\/\/infinitoeditorial.com\/index.php\/wp-json\/wp\/v2\/media?parent=570"}],"wp:term":[{"taxonomy":"product_brand","embeddable":true,"href":"https:\/\/infinitoeditorial.com\/index.php\/wp-json\/wp\/v2\/product_brand?post=570"},{"taxonomy":"product_cat","embeddable":true,"href":"https:\/\/infinitoeditorial.com\/index.php\/wp-json\/wp\/v2\/product_cat?post=570"},{"taxonomy":"product_tag","embeddable":true,"href":"https:\/\/infinitoeditorial.com\/index.php\/wp-json\/wp\/v2\/product_tag?post=570"}],"curies":[{"name":"wp","href":"https:\/\/api.w.org\/{rel}","templated":true}]}}