{"id":582,"date":"2025-07-01T23:01:55","date_gmt":"2025-07-01T21:01:55","guid":{"rendered":"https:\/\/infinitoeditorial.com\/?post_type=product&#038;p=582"},"modified":"2025-08-05T02:37:17","modified_gmt":"2025-08-05T00:37:17","slug":"no-es-ego-es-impacto","status":"publish","type":"product","link":"https:\/\/infinitoeditorial.com\/index.php\/product\/no-es-ego-es-impacto\/","title":{"rendered":"No es ego, es impacto"},"content":{"rendered":"<p>[et_pb_section fb_built=\u00bb1&#8243; _builder_version=\u00bb4.16&#8243; custom_padding=\u00bb0px||||false|false\u00bb global_colors_info=\u00bb{}\u00bb][et_pb_row _builder_version=\u00bb4.16&#8243; background_size=\u00bbinitial\u00bb background_position=\u00bbtop_left\u00bb background_repeat=\u00bbrepeat\u00bb width=\u00bb100%\u00bb custom_padding=\u00bb0px||0px||false|false\u00bb global_colors_info=\u00bb{}\u00bb][et_pb_column type=\u00bb4_4&#8243; _builder_version=\u00bb4.16&#8243; custom_padding=\u00bb|||\u00bb global_colors_info=\u00bb{}\u00bb custom_padding__hover=\u00bb|||\u00bb][et_pb_wc_breadcrumb _builder_version=\u00bb4.16&#8243; global_colors_info=\u00bb{}\u00bb][\/et_pb_wc_breadcrumb][et_pb_wc_cart_notice _builder_version=\u00bb4.16&#8243; global_colors_info=\u00bb{}\u00bb][\/et_pb_wc_cart_notice][\/et_pb_column][\/et_pb_row][et_pb_row column_structure=\u00bb1_2,1_2&#8243; _builder_version=\u00bb4.16&#8243; background_size=\u00bbinitial\u00bb background_position=\u00bbtop_left\u00bb background_repeat=\u00bbrepeat\u00bb width=\u00bb100%\u00bb custom_padding=\u00bb0px||||false|false\u00bb global_colors_info=\u00bb{}\u00bb][et_pb_column type=\u00bb1_2&#8243; _builder_version=\u00bb4.16&#8243; custom_padding=\u00bb|||\u00bb global_colors_info=\u00bb{}\u00bb custom_padding__hover=\u00bb|||\u00bb][et_pb_wc_images _builder_version=\u00bb4.16&#8243; global_colors_info=\u00bb{}\u00bb][\/et_pb_wc_images][\/et_pb_column][et_pb_column type=\u00bb1_2&#8243; _builder_version=\u00bb4.16&#8243; custom_padding=\u00bb|||\u00bb global_colors_info=\u00bb{}\u00bb custom_padding__hover=\u00bb|||\u00bb][et_pb_wc_title _builder_version=\u00bb4.16&#8243; global_colors_info=\u00bb{}\u00bb][\/et_pb_wc_title][et_pb_wc_rating _builder_version=\u00bb4.16&#8243; global_colors_info=\u00bb{}\u00bb][\/et_pb_wc_rating][et_pb_wc_price _builder_version=\u00bb4.16&#8243; global_colors_info=\u00bb{}\u00bb][\/et_pb_wc_price][et_pb_wc_description _builder_version=\u00bb4.16&#8243; global_colors_info=\u00bb{}\u00bb][\/et_pb_wc_description][et_pb_wc_add_to_cart _builder_version=\u00bb4.27.4&#8243; custom_button=\u00bbon\u00bb button_text_color=\u00bb#D98028&#8243; global_colors_info=\u00bb{}\u00bb][\/et_pb_wc_add_to_cart][et_pb_accordion _builder_version=\u00bb4.27.4&#8243; _module_preset=\u00bbdefault\u00bb link_option_url_new_window=\u00bbon\u00bb global_colors_info=\u00bb{}\u00bb][et_pb_accordion_item title=\u00bbLibreriria Nacional\u00bb open=\u00bbon\u00bb _builder_version=\u00bb4.27.4&#8243; _module_preset=\u00bbdefault\u00bb link_option_url=\u00bbhttps:\/\/www.librerianacional.com\/no-es-ego-es-impacto\/p?srsltid=AfmBOorjOCWbYaY2gjFUrDDLTcDgI6Cnp4oIx-1NrmSzpwhZUGiH6mbu\u00bb link_option_url_new_window=\u00bbon\u00bb global_colors_info=\u00bb{}\u00bb][\/et_pb_accordion_item][et_pb_accordion_item title=\u00bbamazon.com\u00bb _builder_version=\u00bb4.27.4&#8243; _module_preset=\u00bbdefault\u00bb link_option_url=\u00bbhttps:\/\/www.amazon.in\/ego-impacto-Construye-transforme-convierta-ebook\/dp\/B0F79TXG8R\u00bb link_option_url_new_window=\u00bbon\u00bb global_colors_info=\u00bb{}\u00bb open=\u00bboff\u00bb][\/et_pb_accordion_item][et_pb_accordion_item title=\u00bbamazon.com\u00bb _builder_version=\u00bb4.27.4&#8243; _module_preset=\u00bbdefault\u00bb link_option_url=\u00bbhttps:\/\/www.buscalibre.com.co\/libro-no-es-ego-es-impacto\/9786289685541\/p\/64242318&#8243; link_option_url_new_window=\u00bbon\u00bb global_colors_info=\u00bb{}\u00bb open=\u00bboff\u00bb][\/et_pb_accordion_item][\/et_pb_accordion][dsm_icon_list _builder_version=\u00bb4.27.4&#8243; _module_preset=\u00bbdefault\u00bb global_colors_info=\u00bb{}\u00bb][\/dsm_icon_list][et_pb_wc_meta _builder_version=\u00bb4.16&#8243; global_colors_info=\u00bb{}\u00bb][\/et_pb_wc_meta][\/et_pb_column][\/et_pb_row][et_pb_row _builder_version=\u00bb4.16&#8243; background_size=\u00bbinitial\u00bb background_position=\u00bbtop_left\u00bb background_repeat=\u00bbrepeat\u00bb width=\u00bb100%\u00bb global_colors_info=\u00bb{}\u00bb][et_pb_column type=\u00bb4_4&#8243; _builder_version=\u00bb4.16&#8243; custom_padding=\u00bb|||\u00bb global_colors_info=\u00bb{}\u00bb custom_padding__hover=\u00bb|||\u00bb][et_pb_wc_tabs _builder_version=\u00bb4.16&#8243; global_colors_info=\u00bb{}\u00bb]\t\t\t\t\t[\/et_pb_wc_tabs][et_pb_wc_upsells _builder_version=\u00bb4.16&#8243; global_colors_info=\u00bb{}\u00bb][\/et_pb_wc_upsells][et_pb_wc_related_products _builder_version=\u00bb4.16&#8243; global_colors_info=\u00bb{}\u00bb][\/et_pb_wc_related_products][\/et_pb_column][\/et_pb_row][\/et_pb_section]<\/p>\n","protected":false},"excerpt":{"rendered":"<p>No es ego, es IMPACTO es el llamado que estabas esperando para transformar tu vida. Daniela Estacio no ofrece f\u00f3rmulas vac\u00edas ni promesas ef\u00edmeras: este libro es una poderosa invitaci\u00f3n a tomar acci\u00f3n, derribar excusas y construir una marca personal que no solo brille, sino que deje huella.<\/p>\n","protected":false},"featured_media":496,"comment_status":"open","ping_status":"closed","template":"","meta":{"_et_pb_use_builder":"on","_et_pb_old_content":"Libro: No es ego, es impacto\r\n\r\nDaniela Estacio\r\n\r\nNo es ego, es IMPACTO es el llamado que estabas esperando para transformar tu vida. Daniela Estacio no ofrece f\u00f3rmulas vac\u00edas ni promesas ef\u00edmeras: este libro es una poderosa invitaci\u00f3n a tomar acci\u00f3n, derribar excusas y construir una marca personal que no solo brille, sino que deje huella.\r\n\r\n\u00bfEst\u00e1s listo para romper las cadenas de tus creencias limitantes? \u00bfPara liberarte de la necesidad de encajar y mostrarte al mundo tal como eres, aut\u00e9ntico y sin m\u00e1scaras? En estas p\u00e1ginas, Daniela revela las estrategias que llevaron su marca a la cima del reconocimiento internacional, bas\u00e1ndose en autenticidad, disciplina y una conexi\u00f3n genuina con su audiencia en redes sociales.\r\n\r\nEste libro no es solo una gu\u00eda, tambi\u00e9n te invita a descubrir tu verdadero prop\u00f3sito y a construir un legado. Porque una marca personal no es una moda pasajera, es el fundamento de una vida extraordinaria y de \u00e9xito. \u00a1Atr\u00e9vete a impactar!\r\n\r\n&nbsp;\r\n\r\nBIOGRAF\u00cdA DE LA AUTORA\r\n\r\nDaniela Estacio es una destacada empresaria y coach de marca personal, que incursiona como autora con este impactante libro. Inicialmente como odont\u00f3loga, Daniela enfrent\u00f3 el desaf\u00edo de sentirse invisible en un mundo dominado por la comunicaci\u00f3n digital. Este reto la llev\u00f3 a transformar su relaci\u00f3n con las redes sociales, aprendiendo a usarlas como una herramienta de impacto y conexi\u00f3n.\r\n\r\nSu crecimiento fue notable: pas\u00f3 de 6.000 a m\u00e1s de 120.000 seguidores en un a\u00f1o, convirti\u00e9ndose en una figura influyente en temas de marca personal y viralidad. Adem\u00e1s, lanz\u00f3 su exitosa marca de uniformes m\u00e9dicos, que ahora opera en m\u00e1s de 10 pa\u00edses, demostrando el poder de una comunicaci\u00f3n efectiva y un prop\u00f3sito claro.\r\n\r\nCon una visi\u00f3n transformadora, Daniela inspira a otros a encontrar su voz y proyectar su mensaje al mundo, recordando que no se trata de ego, sino de generar impacto y marcar una diferencia positiva.","_et_gb_content_width":"","_joinchat":[]},"product_brand":[],"product_cat":[24],"product_tag":[],"class_list":{"0":"post-582","1":"product","2":"type-product","3":"status-publish","4":"has-post-thumbnail","6":"product_cat-crece","8":"first","9":"instock","10":"shipping-taxable","11":"purchasable","12":"product-type-simple","13":"berocket_lgv_grid","14":"berocket_lgv_list_grid"},"aioseo_notices":[],"jetpack_sharing_enabled":true,"_links":{"self":[{"href":"https:\/\/infinitoeditorial.com\/index.php\/wp-json\/wp\/v2\/product\/582","targetHints":{"allow":["GET"]}}],"collection":[{"href":"https:\/\/infinitoeditorial.com\/index.php\/wp-json\/wp\/v2\/product"}],"about":[{"href":"https:\/\/infinitoeditorial.com\/index.php\/wp-json\/wp\/v2\/types\/product"}],"replies":[{"embeddable":true,"href":"https:\/\/infinitoeditorial.com\/index.php\/wp-json\/wp\/v2\/comments?post=582"}],"wp:featuredmedia":[{"embeddable":true,"href":"https:\/\/infinitoeditorial.com\/index.php\/wp-json\/wp\/v2\/media\/496"}],"wp:attachment":[{"href":"https:\/\/infinitoeditorial.com\/index.php\/wp-json\/wp\/v2\/media?parent=582"}],"wp:term":[{"taxonomy":"product_brand","embeddable":true,"href":"https:\/\/infinitoeditorial.com\/index.php\/wp-json\/wp\/v2\/product_brand?post=582"},{"taxonomy":"product_cat","embeddable":true,"href":"https:\/\/infinitoeditorial.com\/index.php\/wp-json\/wp\/v2\/product_cat?post=582"},{"taxonomy":"product_tag","embeddable":true,"href":"https:\/\/infinitoeditorial.com\/index.php\/wp-json\/wp\/v2\/product_tag?post=582"}],"curies":[{"name":"wp","href":"https:\/\/api.w.org\/{rel}","templated":true}]}}