{"id":588,"date":"2025-07-06T01:00:18","date_gmt":"2025-07-05T23:00:18","guid":{"rendered":"https:\/\/infinitoeditorial.com\/?post_type=product&#038;p=588"},"modified":"2025-07-06T01:31:37","modified_gmt":"2025-07-05T23:31:37","slug":"cartas-a-erika","status":"publish","type":"product","link":"https:\/\/infinitoeditorial.com\/index.php\/product\/cartas-a-erika\/","title":{"rendered":"Cartas a \u00c9rika"},"content":{"rendered":"<p>[et_pb_section fb_built=\u00bb1&#8243; _builder_version=\u00bb4.16&#8243; custom_padding=\u00bb0px||||false|false\u00bb global_colors_info=\u00bb{}\u00bb][et_pb_row _builder_version=\u00bb4.16&#8243; background_size=\u00bbinitial\u00bb background_position=\u00bbtop_left\u00bb background_repeat=\u00bbrepeat\u00bb width=\u00bb100%\u00bb custom_padding=\u00bb0px||0px||false|false\u00bb global_colors_info=\u00bb{}\u00bb][et_pb_column type=\u00bb4_4&#8243; _builder_version=\u00bb4.16&#8243; custom_padding=\u00bb|||\u00bb global_colors_info=\u00bb{}\u00bb custom_padding__hover=\u00bb|||\u00bb][et_pb_wc_breadcrumb _builder_version=\u00bb4.16&#8243; global_colors_info=\u00bb{}\u00bb][\/et_pb_wc_breadcrumb][et_pb_wc_cart_notice _builder_version=\u00bb4.16&#8243; global_colors_info=\u00bb{}\u00bb][\/et_pb_wc_cart_notice][\/et_pb_column][\/et_pb_row][et_pb_row column_structure=\u00bb1_2,1_2&#8243; _builder_version=\u00bb4.16&#8243; background_size=\u00bbinitial\u00bb background_position=\u00bbtop_left\u00bb background_repeat=\u00bbrepeat\u00bb width=\u00bb100%\u00bb custom_padding=\u00bb0px||||false|false\u00bb global_colors_info=\u00bb{}\u00bb][et_pb_column type=\u00bb1_2&#8243; _builder_version=\u00bb4.16&#8243; custom_padding=\u00bb|||\u00bb global_colors_info=\u00bb{}\u00bb custom_padding__hover=\u00bb|||\u00bb][et_pb_wc_images _builder_version=\u00bb4.16&#8243; global_colors_info=\u00bb{}\u00bb][\/et_pb_wc_images][\/et_pb_column][et_pb_column type=\u00bb1_2&#8243; _builder_version=\u00bb4.16&#8243; custom_padding=\u00bb|||\u00bb global_colors_info=\u00bb{}\u00bb custom_padding__hover=\u00bb|||\u00bb][et_pb_wc_title _builder_version=\u00bb4.16&#8243; global_colors_info=\u00bb{}\u00bb][\/et_pb_wc_title][et_pb_wc_rating _builder_version=\u00bb4.16&#8243; global_colors_info=\u00bb{}\u00bb][\/et_pb_wc_rating][et_pb_wc_price _builder_version=\u00bb4.16&#8243; global_colors_info=\u00bb{}\u00bb][\/et_pb_wc_price][et_pb_wc_description _builder_version=\u00bb4.16&#8243; global_colors_info=\u00bb{}\u00bb][\/et_pb_wc_description][et_pb_wc_add_to_cart _builder_version=\u00bb4.27.4&#8243; custom_button=\u00bbon\u00bb button_text_color=\u00bb#D98028&#8243; global_colors_info=\u00bb{}\u00bb][\/et_pb_wc_add_to_cart][et_pb_accordion _builder_version=\u00bb4.27.4&#8243; _module_preset=\u00bbdefault\u00bb link_option_url_new_window=\u00bbon\u00bb hover_enabled=\u00bb0&#8243; global_colors_info=\u00bb{}\u00bb sticky_enabled=\u00bb0&#8243;][et_pb_accordion_item title=\u00bbBuscalibre.com\u00bb open=\u00bbon\u00bb _builder_version=\u00bb4.27.4&#8243; _module_preset=\u00bbdefault\u00bb link_option_url=\u00bbhttps:\/\/www.buscalibre.com.co\/libro-cartas-a-erika\/9786289662016\/p\/63314586&#8243; link_option_url_new_window=\u00bbon\u00bb hover_enabled=\u00bb0&#8243; global_colors_info=\u00bb{}\u00bb sticky_enabled=\u00bb0&#8243;][\/et_pb_accordion_item][et_pb_accordion_item title=\u00bbamazon.com\u00bb _builder_version=\u00bb4.27.4&#8243; _module_preset=\u00bbdefault\u00bb link_option_url=\u00bbhttps:\/\/www.amazon.ca\/Cartas-%C3%89rika-Spanish-Cyntia-Rangel-ebook\/dp\/B0DPBH6ZL3&#8243; link_option_url_new_window=\u00bbon\u00bb hover_enabled=\u00bb0&#8243; global_colors_info=\u00bb{}\u00bb open=\u00bboff\u00bb sticky_enabled=\u00bb0&#8243;][\/et_pb_accordion_item][\/et_pb_accordion][dsm_icon_list _builder_version=\u00bb4.27.4&#8243; _module_preset=\u00bbdefault\u00bb global_colors_info=\u00bb{}\u00bb][\/dsm_icon_list][et_pb_wc_meta _builder_version=\u00bb4.16&#8243; global_colors_info=\u00bb{}\u00bb][\/et_pb_wc_meta][\/et_pb_column][\/et_pb_row][et_pb_row _builder_version=\u00bb4.16&#8243; background_size=\u00bbinitial\u00bb background_position=\u00bbtop_left\u00bb background_repeat=\u00bbrepeat\u00bb width=\u00bb100%\u00bb global_colors_info=\u00bb{}\u00bb][et_pb_column type=\u00bb4_4&#8243; _builder_version=\u00bb4.16&#8243; custom_padding=\u00bb|||\u00bb global_colors_info=\u00bb{}\u00bb custom_padding__hover=\u00bb|||\u00bb][et_pb_wc_tabs _builder_version=\u00bb4.16&#8243; global_colors_info=\u00bb{}\u00bb]\t\t\t\t\t[\/et_pb_wc_tabs][et_pb_wc_upsells _builder_version=\u00bb4.16&#8243; global_colors_info=\u00bb{}\u00bb][\/et_pb_wc_upsells][et_pb_wc_related_products _builder_version=\u00bb4.16&#8243; global_colors_info=\u00bb{}\u00bb][\/et_pb_wc_related_products][\/et_pb_column][\/et_pb_row][\/et_pb_section]<\/p>\n","protected":false},"excerpt":{"rendered":"<p>Cartas a \u00c9rika<\/p>\n<p>Cyntia R\u00e1ngel<\/p>\n<p>Valentina, una mujer de 43 a\u00f1os, se enamora perdidamente de \u00c9rika, su entrenadora de nataci\u00f3n. A pesar de estar casada en un matrimonio abierto y contar con la aceptaci\u00f3n de su esposo, Valentina se encuentra atrapada en una relaci\u00f3n donde el deseo y la incertidumbre se entrelazan. Pronto descubrir\u00e1 que la mujer a quien ama no es quien parece ser, enfrent\u00e1ndose a una serie de desaf\u00edos que pondr\u00e1n a prueba su estabilidad emocional.<\/p>\n<p>En esta intensa y conmovedora novela epistolar, la escritora mexicana Cyntia Ivette Rangel nos invita a explorar el amor sin prejuicios, mostrando que puede manifestarse de innumerables formas y que lo verdaderamente importante es vivirlo con libertad y autenticidad.<\/p>\n<p>La autora destaca c\u00f3mo las luchas internas de muchas personas les impiden definir su identidad y vivir relaciones sinceras y transparentes. Tambi\u00e9n alienta a sus lectores a abrazar el amor en todas sus formas, con honestidad y aceptaci\u00f3n, desafiando las normas y expectativas sociales.<\/p>\n","protected":false},"featured_media":589,"comment_status":"open","ping_status":"closed","template":"","meta":{"_et_pb_use_builder":"on","_et_pb_old_content":"BIOGRAF\u00cdA\r\n\r\nCyntia Ivette Rangel Ram\u00edrez, nacida en el Estado de Hidalgo, M\u00e9xico, es abogada de profesi\u00f3n, con una Maestr\u00eda en Medios Alternos de Soluci\u00f3n de Controversias. Dedicada a su vida familiar y profesional, es una esposa y madre amante de la lectura, que encuentra en los libros un refugio y una fuente constante de inspiraci\u00f3n.\r\n\r\nEn 2024, irrumpe en el mundo de la literatura con su novela epistolar &amp;quot;Cartas a \u00c9rika&amp;quot;. Este texto electrizante, lleno de emociones intensas y sinceras, invita al lector a vivir el amor en libertad y sin prejuicios. A trav\u00e9s de sus cartas, Cyntia nos transporta a un viaje \u00edntimo y\u00a0personal, desnudando su alma en cada palabra y permiti\u00e9ndonos ser testigos de su valent\u00eda\u00a0y sensibilidad.","_et_gb_content_width":"","_joinchat":[]},"product_brand":[],"product_cat":[26],"product_tag":[],"class_list":{"0":"post-588","1":"product","2":"type-product","3":"status-publish","4":"has-post-thumbnail","6":"product_cat-cuervo","8":"first","9":"instock","10":"shipping-taxable","11":"purchasable","12":"product-type-simple","13":"berocket_lgv_grid","14":"berocket_lgv_list_grid"},"aioseo_notices":[],"jetpack_sharing_enabled":true,"_links":{"self":[{"href":"https:\/\/infinitoeditorial.com\/index.php\/wp-json\/wp\/v2\/product\/588","targetHints":{"allow":["GET"]}}],"collection":[{"href":"https:\/\/infinitoeditorial.com\/index.php\/wp-json\/wp\/v2\/product"}],"about":[{"href":"https:\/\/infinitoeditorial.com\/index.php\/wp-json\/wp\/v2\/types\/product"}],"replies":[{"embeddable":true,"href":"https:\/\/infinitoeditorial.com\/index.php\/wp-json\/wp\/v2\/comments?post=588"}],"wp:featuredmedia":[{"embeddable":true,"href":"https:\/\/infinitoeditorial.com\/index.php\/wp-json\/wp\/v2\/media\/589"}],"wp:attachment":[{"href":"https:\/\/infinitoeditorial.com\/index.php\/wp-json\/wp\/v2\/media?parent=588"}],"wp:term":[{"taxonomy":"product_brand","embeddable":true,"href":"https:\/\/infinitoeditorial.com\/index.php\/wp-json\/wp\/v2\/product_brand?post=588"},{"taxonomy":"product_cat","embeddable":true,"href":"https:\/\/infinitoeditorial.com\/index.php\/wp-json\/wp\/v2\/product_cat?post=588"},{"taxonomy":"product_tag","embeddable":true,"href":"https:\/\/infinitoeditorial.com\/index.php\/wp-json\/wp\/v2\/product_tag?post=588"}],"curies":[{"name":"wp","href":"https:\/\/api.w.org\/{rel}","templated":true}]}}