{"id":594,"date":"2025-07-06T02:54:44","date_gmt":"2025-07-06T00:54:44","guid":{"rendered":"https:\/\/infinitoeditorial.com\/?post_type=product&#038;p=594"},"modified":"2026-03-27T00:02:04","modified_gmt":"2026-03-26T23:02:04","slug":"complot-para-matar-al-diablo","status":"publish","type":"product","link":"https:\/\/infinitoeditorial.com\/index.php\/product\/complot-para-matar-al-diablo\/","title":{"rendered":"Complot para matar al diablo"},"content":{"rendered":"<p>[et_pb_section fb_built=\u00bb1&#8243; _builder_version=\u00bb4.16&#8243; custom_padding=\u00bb0px||||false|false\u00bb global_colors_info=\u00bb{}\u00bb][et_pb_row _builder_version=\u00bb4.16&#8243; background_size=\u00bbinitial\u00bb background_position=\u00bbtop_left\u00bb background_repeat=\u00bbrepeat\u00bb width=\u00bb100%\u00bb custom_padding=\u00bb0px||0px||false|false\u00bb global_colors_info=\u00bb{}\u00bb][et_pb_column type=\u00bb4_4&#8243; _builder_version=\u00bb4.16&#8243; custom_padding=\u00bb|||\u00bb global_colors_info=\u00bb{}\u00bb custom_padding__hover=\u00bb|||\u00bb][et_pb_wc_breadcrumb _builder_version=\u00bb4.16&#8243; global_colors_info=\u00bb{}\u00bb][\/et_pb_wc_breadcrumb][et_pb_wc_cart_notice _builder_version=\u00bb4.16&#8243; global_colors_info=\u00bb{}\u00bb][\/et_pb_wc_cart_notice][\/et_pb_column][\/et_pb_row][et_pb_row column_structure=\u00bb1_2,1_2&#8243; _builder_version=\u00bb4.16&#8243; background_size=\u00bbinitial\u00bb background_position=\u00bbtop_left\u00bb background_repeat=\u00bbrepeat\u00bb width=\u00bb100%\u00bb custom_padding=\u00bb0px||||false|false\u00bb global_colors_info=\u00bb{}\u00bb][et_pb_column type=\u00bb1_2&#8243; _builder_version=\u00bb4.16&#8243; custom_padding=\u00bb|||\u00bb global_colors_info=\u00bb{}\u00bb custom_padding__hover=\u00bb|||\u00bb][et_pb_wc_images _builder_version=\u00bb4.16&#8243; global_colors_info=\u00bb{}\u00bb][\/et_pb_wc_images][\/et_pb_column][et_pb_column type=\u00bb1_2&#8243; _builder_version=\u00bb4.16&#8243; custom_padding=\u00bb|||\u00bb global_colors_info=\u00bb{}\u00bb custom_padding__hover=\u00bb|||\u00bb][et_pb_wc_title _builder_version=\u00bb4.16&#8243; global_colors_info=\u00bb{}\u00bb][\/et_pb_wc_title][et_pb_wc_rating _builder_version=\u00bb4.16&#8243; global_colors_info=\u00bb{}\u00bb][\/et_pb_wc_rating][et_pb_wc_price _builder_version=\u00bb4.16&#8243; global_colors_info=\u00bb{}\u00bb][\/et_pb_wc_price][et_pb_wc_description _builder_version=\u00bb4.16&#8243; global_colors_info=\u00bb{}\u00bb][\/et_pb_wc_description][et_pb_wc_add_to_cart _builder_version=\u00bb4.27.4&#8243; custom_button=\u00bbon\u00bb button_text_color=\u00bb#D98028&#8243; global_colors_info=\u00bb{}\u00bb][\/et_pb_wc_add_to_cart][et_pb_accordion _builder_version=\u00bb4.27.4&#8243; _module_preset=\u00bbdefault\u00bb link_option_url_new_window=\u00bbon\u00bb global_colors_info=\u00bb{}\u00bb][et_pb_accordion_item title=\u00bbLibrer\u00eda Nacional\u00bb open=\u00bbon\u00bb _builder_version=\u00bb4.27.4&#8243; _module_preset=\u00bbdefault\u00bb link_option_url=\u00bbhttps:\/\/www.librerianacional.com\/complot-para-matar-al-diablo\/p?srsltid=AfmBOopdc5krtF02-8PYLFhZP-FIHZ4XTnB70rrwjUSMtQV30Yh7FdU6&#8243; link_option_url_new_window=\u00bbon\u00bb global_colors_info=\u00bb{}\u00bb][\/et_pb_accordion_item][et_pb_accordion_item title=\u00bbBuscalibre\u00bb _builder_version=\u00bb4.27.4&#8243; _module_preset=\u00bbdefault\u00bb link_option_url=\u00bbhttps:\/\/www.buscalibre.com.co\/libro-complot-para-matar-al-diablo\/9789584614780\/p\/53287516&#8243; link_option_url_new_window=\u00bbon\u00bb global_colors_info=\u00bb{}\u00bb open=\u00bboff\u00bb][\/et_pb_accordion_item][et_pb_accordion_item title=\u00bbInfinito Libros\u00bb _builder_version=\u00bb4.27.4&#8243; _module_preset=\u00bbdefault\u00bb link_option_url=\u00bbhttps:\/\/wa.me\/message\/NUH6473F5QK6K1&#8243; link_option_url_new_window=\u00bbon\u00bb global_colors_info=\u00bb{}\u00bb open=\u00bboff\u00bb][\/et_pb_accordion_item][\/et_pb_accordion][dsm_icon_list _builder_version=\u00bb4.27.4&#8243; _module_preset=\u00bbdefault\u00bb global_colors_info=\u00bb{}\u00bb][\/dsm_icon_list][et_pb_wc_meta _builder_version=\u00bb4.16&#8243; global_colors_info=\u00bb{}\u00bb][\/et_pb_wc_meta][\/et_pb_column][\/et_pb_row][et_pb_row _builder_version=\u00bb4.16&#8243; background_size=\u00bbinitial\u00bb background_position=\u00bbtop_left\u00bb background_repeat=\u00bbrepeat\u00bb width=\u00bb100%\u00bb global_colors_info=\u00bb{}\u00bb][et_pb_column type=\u00bb4_4&#8243; _builder_version=\u00bb4.16&#8243; custom_padding=\u00bb|||\u00bb global_colors_info=\u00bb{}\u00bb custom_padding__hover=\u00bb|||\u00bb][et_pb_wc_tabs _builder_version=\u00bb4.16&#8243; global_colors_info=\u00bb{}\u00bb]\t\t\t\t\t[\/et_pb_wc_tabs][et_pb_wc_upsells _builder_version=\u00bb4.16&#8243; global_colors_info=\u00bb{}\u00bb][\/et_pb_wc_upsells][et_pb_wc_related_products _builder_version=\u00bb4.16&#8243; global_colors_info=\u00bb{}\u00bb][\/et_pb_wc_related_products][\/et_pb_column][\/et_pb_row][\/et_pb_section][et_pb_section fb_built=\u00bb1&#8243; _builder_version=\u00bb4.27.4&#8243; _module_preset=\u00bbdefault\u00bb global_colors_info=\u00bb{}\u00bb][et_pb_row _builder_version=\u00bb4.27.4&#8243; _module_preset=\u00bbdefault\u00bb global_colors_info=\u00bb{}\u00bb][et_pb_column type=\u00bb4_4&#8243; _builder_version=\u00bb4.27.4&#8243; _module_preset=\u00bbdefault\u00bb global_colors_info=\u00bb{}\u00bb][et_pb_image src=\u00bbhttps:\/\/infinitoeditorial.com\/wp-content\/uploads\/2025\/07\/FRENTE-CARATULA-COMPLOT-PARA-MATAR-AL-DIABLO_Mesa-de-trabajo-1_Mesa-de-trabajo-1-300&#215;300-1.jpg\u00bb admin_label=\u00bbImagen\u00bb _builder_version=\u00bb4.27.4&#8243; _module_preset=\u00bbdefault\u00bb global_colors_info=\u00bb{}\u00bb][\/et_pb_image][\/et_pb_column][\/et_pb_row][\/et_pb_section]<\/p>\n","protected":false},"excerpt":{"rendered":"<p>Complot para matar al diablo fue publicada por primera vez en 2013 y luego de dos ediciones m\u00e1s, ese mismo a\u00f1o, desapareci\u00f3 por completo de las librer\u00edas. Su autor, Freisman Toro, experiment\u00f3 una profunda crisis personal que lo apart\u00f3 por completo de la escritura durante cuatro a\u00f1os. Sin embargo, esta cuarta edici\u00f3n revive la historia de Riki, un joven que pierde el rumbo de su vida y termina convertido en uno de los menores de edad con m\u00e1s asesinatos en la historia de Colombia. Se trata de una ficci\u00f3n recreada en la dura realidad que se vive en las calles de los barrios populares de cualquier ciudad, donde los j\u00f3venes no tienen muchas oportunidades y terminan en la criminalidad.<\/p>\n<p>Esta novela fue merecedora de elogios por parte de algunos cr\u00edticos y escritores como Gustavo \u00c1lvarez Gardeazabal. Ocho a\u00f1os despu\u00e9s de su primera impresi\u00f3n el autor nos recuerda con esta obra que nada ha cambiado, m\u00e1s bien su relato crudo fue como una especie de profec\u00eda de lo que actualmente se vive en Colombia.<\/p>\n","protected":false},"featured_media":647,"comment_status":"open","ping_status":"closed","template":"","meta":{"_et_pb_use_builder":"on","_et_pb_old_content":"Freisman Toro es un escritor colombiano, mentor editorial y fundador del Grupo Editorial infinito, con m\u00e1s de 20 a\u00f1os de experiencia en el mundo editorial. Su misi\u00f3n es ayudar a nuevos escritores, coaches, conferencistas, emprendedores y creadores de contenido a transformar sus ideas en libros que impacten, generen ingresos y dejen un legado duradero.\r\n\r\nAutor de obras como <em>Complot para matar al diablo<\/em>, <em>Las aguas turbias<\/em>, <em>Los secretos de un escritor y Como polvo entre mis manos<\/em>, Freisman ha construido una carrera enfocada en inspirar a otros a trav\u00e9s de la escritura. Su enfoque combina narrativa, estrategia editorial y desarrollo personal, guiando a m\u00e1s de 200 autores en 17 pa\u00edses a escribir, publicar y vender sus libros.\r\n\r\nEn 2017, fund\u00f3 <em>Escritor Consciente<\/em>, una plataforma de formaci\u00f3n y acompa\u00f1amiento editorial. M\u00e1s adelante, junto a su esposa, dio vida a <em>Grupo Editorial Infinito<\/em>, un proyecto con cuatro sellos editoriales que busca elevar el potencial de escritores emergentes y consolidados.\r\n\r\nSu trabajo se caracteriza por una visi\u00f3n humanista y transformadora, donde la palabra escrita se convierte en herramienta de cambio, introspecci\u00f3n y conexi\u00f3n.\r\n\r\n<!--EndFragment -->","_et_gb_content_width":"","_joinchat":[]},"product_brand":[],"product_cat":[26],"product_tag":[],"class_list":{"0":"post-594","1":"product","2":"type-product","3":"status-publish","4":"has-post-thumbnail","6":"product_cat-cuervo","8":"first","9":"instock","10":"shipping-taxable","11":"purchasable","12":"product-type-simple","13":"berocket_lgv_grid","14":"berocket_lgv_list_grid"},"aioseo_notices":[],"jetpack_sharing_enabled":true,"_links":{"self":[{"href":"https:\/\/infinitoeditorial.com\/index.php\/wp-json\/wp\/v2\/product\/594","targetHints":{"allow":["GET"]}}],"collection":[{"href":"https:\/\/infinitoeditorial.com\/index.php\/wp-json\/wp\/v2\/product"}],"about":[{"href":"https:\/\/infinitoeditorial.com\/index.php\/wp-json\/wp\/v2\/types\/product"}],"replies":[{"embeddable":true,"href":"https:\/\/infinitoeditorial.com\/index.php\/wp-json\/wp\/v2\/comments?post=594"}],"wp:featuredmedia":[{"embeddable":true,"href":"https:\/\/infinitoeditorial.com\/index.php\/wp-json\/wp\/v2\/media\/647"}],"wp:attachment":[{"href":"https:\/\/infinitoeditorial.com\/index.php\/wp-json\/wp\/v2\/media?parent=594"}],"wp:term":[{"taxonomy":"product_brand","embeddable":true,"href":"https:\/\/infinitoeditorial.com\/index.php\/wp-json\/wp\/v2\/product_brand?post=594"},{"taxonomy":"product_cat","embeddable":true,"href":"https:\/\/infinitoeditorial.com\/index.php\/wp-json\/wp\/v2\/product_cat?post=594"},{"taxonomy":"product_tag","embeddable":true,"href":"https:\/\/infinitoeditorial.com\/index.php\/wp-json\/wp\/v2\/product_tag?post=594"}],"curies":[{"name":"wp","href":"https:\/\/api.w.org\/{rel}","templated":true}]}}