{"id":603,"date":"2025-07-06T03:25:20","date_gmt":"2025-07-06T01:25:20","guid":{"rendered":"https:\/\/infinitoeditorial.com\/?post_type=product&#038;p=603"},"modified":"2025-07-06T03:29:48","modified_gmt":"2025-07-06T01:29:48","slug":"viajando-sin-gps-america-la-magia-de-mis-pasos","status":"publish","type":"product","link":"https:\/\/infinitoeditorial.com\/index.php\/product\/viajando-sin-gps-america-la-magia-de-mis-pasos\/","title":{"rendered":"Viajando Sin Gps Am\u00c9rica La Magia De Mis Pasos"},"content":{"rendered":"<p>[et_pb_section fb_built=\u00bb1&#8243; _builder_version=\u00bb4.16&#8243; custom_padding=\u00bb0px||||false|false\u00bb global_colors_info=\u00bb{}\u00bb][et_pb_row _builder_version=\u00bb4.16&#8243; background_size=\u00bbinitial\u00bb background_position=\u00bbtop_left\u00bb background_repeat=\u00bbrepeat\u00bb width=\u00bb100%\u00bb custom_padding=\u00bb0px||0px||false|false\u00bb global_colors_info=\u00bb{}\u00bb][et_pb_column type=\u00bb4_4&#8243; _builder_version=\u00bb4.16&#8243; custom_padding=\u00bb|||\u00bb global_colors_info=\u00bb{}\u00bb custom_padding__hover=\u00bb|||\u00bb][et_pb_wc_breadcrumb _builder_version=\u00bb4.16&#8243; global_colors_info=\u00bb{}\u00bb][\/et_pb_wc_breadcrumb][et_pb_wc_cart_notice _builder_version=\u00bb4.16&#8243; global_colors_info=\u00bb{}\u00bb][\/et_pb_wc_cart_notice][\/et_pb_column][\/et_pb_row][et_pb_row column_structure=\u00bb1_2,1_2&#8243; _builder_version=\u00bb4.16&#8243; background_size=\u00bbinitial\u00bb background_position=\u00bbtop_left\u00bb background_repeat=\u00bbrepeat\u00bb width=\u00bb100%\u00bb custom_padding=\u00bb0px||||false|false\u00bb global_colors_info=\u00bb{}\u00bb][et_pb_column type=\u00bb1_2&#8243; _builder_version=\u00bb4.16&#8243; custom_padding=\u00bb|||\u00bb global_colors_info=\u00bb{}\u00bb custom_padding__hover=\u00bb|||\u00bb][et_pb_wc_images _builder_version=\u00bb4.16&#8243; global_colors_info=\u00bb{}\u00bb][\/et_pb_wc_images][\/et_pb_column][et_pb_column type=\u00bb1_2&#8243; _builder_version=\u00bb4.16&#8243; custom_padding=\u00bb|||\u00bb global_colors_info=\u00bb{}\u00bb custom_padding__hover=\u00bb|||\u00bb][et_pb_wc_title _builder_version=\u00bb4.16&#8243; global_colors_info=\u00bb{}\u00bb][\/et_pb_wc_title][et_pb_wc_rating _builder_version=\u00bb4.16&#8243; global_colors_info=\u00bb{}\u00bb][\/et_pb_wc_rating][et_pb_wc_price _builder_version=\u00bb4.16&#8243; global_colors_info=\u00bb{}\u00bb][\/et_pb_wc_price][et_pb_wc_description _builder_version=\u00bb4.16&#8243; global_colors_info=\u00bb{}\u00bb][\/et_pb_wc_description][et_pb_wc_add_to_cart _builder_version=\u00bb4.27.4&#8243; custom_button=\u00bbon\u00bb button_text_color=\u00bb#D98028&#8243; global_colors_info=\u00bb{}\u00bb][\/et_pb_wc_add_to_cart][et_pb_accordion _builder_version=\u00bb4.27.4&#8243; _module_preset=\u00bbdefault\u00bb link_option_url_new_window=\u00bbon\u00bb hover_enabled=\u00bb0&#8243; global_colors_info=\u00bb{}\u00bb sticky_enabled=\u00bb0&#8243;][et_pb_accordion_item title=\u00bbLibreria Nacional\u00bb open=\u00bbon\u00bb _builder_version=\u00bb4.27.4&#8243; _module_preset=\u00bbdefault\u00bb link_option_url=\u00bbhttps:\/\/www.librerianacional.com\/viajando-sin-gps-amrica-la-magia-de-mis-pasos\/p?srsltid=AfmBOop5UnaEwji50T3vQNRsuttc_zEEB1tiodKTSqG757ybPfS-ieDC\u00bb link_option_url_new_window=\u00bbon\u00bb hover_enabled=\u00bb0&#8243; global_colors_info=\u00bb{}\u00bb sticky_enabled=\u00bb0&#8243;][\/et_pb_accordion_item][et_pb_accordion_item title=\u00bbbuscalibre.com\u00bb _builder_version=\u00bb4.27.4&#8243; _module_preset=\u00bbdefault\u00bb link_option_url=\u00bbhttps:\/\/www.buscalibre.com.co\/libro-viajando-sin-gps-la-magia-de-mis-pasos\/9786289662061\/p\/64312897&#8243; link_option_url_new_window=\u00bbon\u00bb hover_enabled=\u00bb0&#8243; global_colors_info=\u00bb{}\u00bb open=\u00bboff\u00bb sticky_enabled=\u00bb0&#8243;][\/et_pb_accordion_item][\/et_pb_accordion][dsm_icon_list _builder_version=\u00bb4.27.4&#8243; _module_preset=\u00bbdefault\u00bb global_colors_info=\u00bb{}\u00bb][\/dsm_icon_list][et_pb_wc_meta _builder_version=\u00bb4.16&#8243; global_colors_info=\u00bb{}\u00bb][\/et_pb_wc_meta][\/et_pb_column][\/et_pb_row][et_pb_row _builder_version=\u00bb4.16&#8243; background_size=\u00bbinitial\u00bb background_position=\u00bbtop_left\u00bb background_repeat=\u00bbrepeat\u00bb width=\u00bb100%\u00bb global_colors_info=\u00bb{}\u00bb][et_pb_column type=\u00bb4_4&#8243; _builder_version=\u00bb4.16&#8243; custom_padding=\u00bb|||\u00bb global_colors_info=\u00bb{}\u00bb custom_padding__hover=\u00bb|||\u00bb][et_pb_wc_tabs _builder_version=\u00bb4.16&#8243; global_colors_info=\u00bb{}\u00bb]\t\t\t\t\t[\/et_pb_wc_tabs][et_pb_wc_upsells _builder_version=\u00bb4.16&#8243; global_colors_info=\u00bb{}\u00bb][\/et_pb_wc_upsells][et_pb_wc_related_products _builder_version=\u00bb4.16&#8243; global_colors_info=\u00bb{}\u00bb][\/et_pb_wc_related_products][\/et_pb_column][\/et_pb_row][\/et_pb_section]<\/p>\n","protected":false},"excerpt":{"rendered":"<div class=\"vtex-render__container-id-bonosCondicionesUso\">\n<div class=\"vtex-flex-layout-0-x-flexRow vtex-flex-layout-0-x-flexRow--paddingContenedores vtex-flex-layout-0-x-flexRow--bg--light-gray\" aria-label=\"Secci\u00f3n fila\">\n<section class=\"vtex-store-components-3-x-container ph3 ph5-m ph2-xl mw9 center \">\n<div class=\"flex mt0 mb7 pt0 pb0 justify-start vtex-flex-layout-0-x-flexRowContent vtex-flex-layout-0-x-flexRowContent--paddingContenedores vtex-flex-layout-0-x-flexRowContent--bg--light-gray items-stretch w-100\">\n<div class=\"pr0 items-stretch vtex-flex-layout-0-x-stretchChildrenWidth flex\">\n<div class=\"vtex-store-components-3-x-productDescriptionContainer\">\n<div class=\"vtex-store-components-3-x-productDescriptionText c-muted-1\">\n<div class=\"vtex-store-components-3-x-container relative\">\n<div class=\"vtex-store-components-3-x-content h-auto\">Carlos Mu\u00f1oz Gonz\u00e1lez viaj\u00f3 durante siete a\u00f1os ininterrumpidos y recorri\u00f3 103 pa\u00edses en los cinco continentes guiado solamente por su inagotable deseo de explorar lo desconocido. En esta vuelta al mundo sinti\u00f3 la soledad y la satisfacci\u00f3n de vivir, so\u00f1\u00f3 libre y experimento en medio del dolor la bondad del ser humano. Una vez llegaba a tierra, se montaba en cualquier veh\u00edculo y recorr\u00eda pa\u00eds por pa\u00eds conociendo de cerca las culturas m\u00e1s diversas. El personaje que habla en este libro es una especie de Marco Polo que quiere contar a sus lectores c\u00f3mo son las costumbres de los pa\u00edses lejanos, sus fiestas, sus maneras, sus ciudades, sus guerras y su desarrollo; pero all\u00ed, a diferencia de otros libros de viajes, Carlos es tan importante como el mundo que describe, todo pasa a trav\u00e9s del tamiz de su personalidad, de sus gustos, de sus juicios y pasiones.<\/div>\n<\/div>\n<\/div>\n<\/div>\n<\/div>\n<\/div>\n<\/section>\n<\/div>\n<\/div>\n<div class=\"vtex-render__container-id-bloquePoliticasEnvio\">\n<div class=\"vtex-flex-layout-0-x-flexRow vtex-flex-layout-0-x-flexRow--paddingContenedores vtex-flex-layout-0-x-flexRow--bg--white\" aria-label=\"Secci\u00f3n fila\">\n<section class=\"vtex-store-components-3-x-container ph3 ph5-m ph2-xl mw9 center \">\n<div class=\"flex mt0 mb0 pt0 pb7 justify-start vtex-flex-layout-0-x-flexRowContent vtex-flex-layout-0-x-flexRowContent--paddingContenedores vtex-flex-layout-0-x-flexRowContent--bg--white items-stretch w-100\">\n<div class=\"pr0 items-stretch vtex-flex-layout-0-x-stretchChildrenWidth flex\">\n<div class=\"vtex-flex-layout-0-x-flexCol ml0 mr0 pl0 pr0 flex flex-column h-100 w-100\">\n<div class=\"vtex-flex-layout-0-x-flexColChild pb0\">\n<div class=\"vtex-rich-text-0-x-container vtex-rich-text-0-x-container--titulosPoliticaEnvio flex tl items-start justify-start t-body c-on-base\">\n<div class=\"vtex-rich-text-0-x-wrapper vtex-rich-text-0-x-wrapper--titulosPoliticaEnvio\"><\/div>\n<\/div>\n<\/div>\n<\/div>\n<\/div>\n<\/div>\n<\/section>\n<\/div>\n<\/div>\n","protected":false},"featured_media":604,"comment_status":"open","ping_status":"closed","template":"","meta":{"_et_pb_use_builder":"on","_et_pb_old_content":"Carlos Mu\u00f1oz Gonz\u00e1lez\r\n\r\nEscritor espa\u00f1ol de la saga Viajando sin GPS (cuatro libros)\r\n\r\nCarlos Mu\u00f1oz Gonz\u00e1lez es viajero aventurero, escritor, y colaborador en prestigiosos medios digitales y columnista del Diario de Madrid. Ha viajado por m\u00e1s de 15 a\u00f1os y a\u00fan sigue con el firme deseo de explorar este hermoso mundo. Por eso ha querido dejar en este libro parte de sus memorias, y sue\u00f1a con que estas aventuras y vivencias alienten a m\u00e1s personas a vivir la inmensa libertad de viajar.\r\n\r\nSe reconoce como ciudadano del mundo, y actualmente sigue llevando una existencia semin\u00f3mada, asumiendo el movimiento como filosof\u00eda de vida.","_et_gb_content_width":"","_joinchat":[]},"product_brand":[],"product_cat":[25],"product_tag":[],"class_list":{"0":"post-603","1":"product","2":"type-product","3":"status-publish","4":"has-post-thumbnail","6":"product_cat-faro","8":"first","9":"instock","10":"shipping-taxable","11":"purchasable","12":"product-type-simple","13":"berocket_lgv_grid","14":"berocket_lgv_list_grid"},"aioseo_notices":[],"jetpack_sharing_enabled":true,"_links":{"self":[{"href":"https:\/\/infinitoeditorial.com\/index.php\/wp-json\/wp\/v2\/product\/603","targetHints":{"allow":["GET"]}}],"collection":[{"href":"https:\/\/infinitoeditorial.com\/index.php\/wp-json\/wp\/v2\/product"}],"about":[{"href":"https:\/\/infinitoeditorial.com\/index.php\/wp-json\/wp\/v2\/types\/product"}],"replies":[{"embeddable":true,"href":"https:\/\/infinitoeditorial.com\/index.php\/wp-json\/wp\/v2\/comments?post=603"}],"wp:featuredmedia":[{"embeddable":true,"href":"https:\/\/infinitoeditorial.com\/index.php\/wp-json\/wp\/v2\/media\/604"}],"wp:attachment":[{"href":"https:\/\/infinitoeditorial.com\/index.php\/wp-json\/wp\/v2\/media?parent=603"}],"wp:term":[{"taxonomy":"product_brand","embeddable":true,"href":"https:\/\/infinitoeditorial.com\/index.php\/wp-json\/wp\/v2\/product_brand?post=603"},{"taxonomy":"product_cat","embeddable":true,"href":"https:\/\/infinitoeditorial.com\/index.php\/wp-json\/wp\/v2\/product_cat?post=603"},{"taxonomy":"product_tag","embeddable":true,"href":"https:\/\/infinitoeditorial.com\/index.php\/wp-json\/wp\/v2\/product_tag?post=603"}],"curies":[{"name":"wp","href":"https:\/\/api.w.org\/{rel}","templated":true}]}}