{"id":743,"date":"2025-11-12T22:29:50","date_gmt":"2025-11-12T21:29:50","guid":{"rendered":"https:\/\/infinitoeditorial.com\/?post_type=product&#038;p=743"},"modified":"2026-02-18T04:07:15","modified_gmt":"2026-02-18T03:07:15","slug":"nina-de-barrio","status":"publish","type":"product","link":"https:\/\/infinitoeditorial.com\/index.php\/product\/nina-de-barrio\/","title":{"rendered":"Ni\u00f1a De Barrio &#8211; Alexa Torrex (PREVENTA)"},"content":{"rendered":"<p>[et_pb_section fb_built=\u00bb1&#8243; _builder_version=\u00bb4.16&#8243; custom_padding=\u00bb0px||||false|false\u00bb global_colors_info=\u00bb{}\u00bb][et_pb_row _builder_version=\u00bb4.16&#8243; background_size=\u00bbinitial\u00bb background_position=\u00bbtop_left\u00bb background_repeat=\u00bbrepeat\u00bb width=\u00bb100%\u00bb custom_padding=\u00bb0px||0px||false|false\u00bb global_colors_info=\u00bb{}\u00bb][et_pb_column type=\u00bb4_4&#8243; _builder_version=\u00bb4.16&#8243; custom_padding=\u00bb|||\u00bb global_colors_info=\u00bb{}\u00bb custom_padding__hover=\u00bb|||\u00bb][et_pb_wc_breadcrumb _builder_version=\u00bb4.16&#8243; global_colors_info=\u00bb{}\u00bb][\/et_pb_wc_breadcrumb][et_pb_wc_cart_notice _builder_version=\u00bb4.16&#8243; global_colors_info=\u00bb{}\u00bb][\/et_pb_wc_cart_notice][\/et_pb_column][\/et_pb_row][et_pb_row column_structure=\u00bb1_2,1_2&#8243; _builder_version=\u00bb4.16&#8243; background_size=\u00bbinitial\u00bb background_position=\u00bbtop_left\u00bb background_repeat=\u00bbrepeat\u00bb width=\u00bb100%\u00bb custom_padding=\u00bb0px||||false|false\u00bb global_colors_info=\u00bb{}\u00bb][et_pb_column type=\u00bb1_2&#8243; _builder_version=\u00bb4.16&#8243; custom_padding=\u00bb|||\u00bb global_colors_info=\u00bb{}\u00bb custom_padding__hover=\u00bb|||\u00bb][et_pb_wc_images _builder_version=\u00bb4.16&#8243; global_colors_info=\u00bb{}\u00bb][\/et_pb_wc_images][\/et_pb_column][et_pb_column type=\u00bb1_2&#8243; _builder_version=\u00bb4.16&#8243; custom_padding=\u00bb|||\u00bb global_colors_info=\u00bb{}\u00bb custom_padding__hover=\u00bb|||\u00bb][et_pb_wc_title _builder_version=\u00bb4.16&#8243; global_colors_info=\u00bb{}\u00bb][\/et_pb_wc_title][et_pb_wc_rating _builder_version=\u00bb4.16&#8243; global_colors_info=\u00bb{}\u00bb][\/et_pb_wc_rating][et_pb_wc_price _builder_version=\u00bb4.16&#8243; global_colors_info=\u00bb{}\u00bb][\/et_pb_wc_price][et_pb_wc_description _builder_version=\u00bb4.16&#8243; global_colors_info=\u00bb{}\u00bb][\/et_pb_wc_description][et_pb_wc_add_to_cart _builder_version=\u00bb4.27.4&#8243; custom_button=\u00bbon\u00bb button_text_color=\u00bb#D98028&#8243; global_colors_info=\u00bb{}\u00bb][\/et_pb_wc_add_to_cart][et_pb_accordion _builder_version=\u00bb4.27.4&#8243; _module_preset=\u00bbdefault\u00bb link_option_url_new_window=\u00bbon\u00bb global_colors_info=\u00bb{}\u00bb][et_pb_accordion_item title=\u00bbbuscalibre.com\u00bb open=\u00bbon\u00bb _builder_version=\u00bb4.27.4&#8243; _module_preset=\u00bbdefault\u00bb link_option_url=\u00bbhttps:\/\/www.buscalibre.com.co\/libro-nina-de-barrio\/9786289716078\/p\/64710782?no-cache=1&#8243; link_option_url_new_window=\u00bbon\u00bb global_colors_info=\u00bb{}\u00bb][\/et_pb_accordion_item][\/et_pb_accordion][dsm_icon_list _builder_version=\u00bb4.27.4&#8243; _module_preset=\u00bbdefault\u00bb global_colors_info=\u00bb{}\u00bb][\/dsm_icon_list][et_pb_wc_meta _builder_version=\u00bb4.16&#8243; global_colors_info=\u00bb{}\u00bb][\/et_pb_wc_meta][\/et_pb_column][\/et_pb_row][et_pb_row _builder_version=\u00bb4.16&#8243; background_size=\u00bbinitial\u00bb background_position=\u00bbtop_left\u00bb background_repeat=\u00bbrepeat\u00bb width=\u00bb100%\u00bb global_colors_info=\u00bb{}\u00bb][et_pb_column type=\u00bb4_4&#8243; _builder_version=\u00bb4.16&#8243; custom_padding=\u00bb|||\u00bb global_colors_info=\u00bb{}\u00bb custom_padding__hover=\u00bb|||\u00bb][et_pb_wc_tabs _builder_version=\u00bb4.16&#8243; global_colors_info=\u00bb{}\u00bb]\t\t\t\t\t[\/et_pb_wc_tabs][et_pb_wc_upsells _builder_version=\u00bb4.16&#8243; global_colors_info=\u00bb{}\u00bb][\/et_pb_wc_upsells][et_pb_wc_related_products _builder_version=\u00bb4.16&#8243; global_colors_info=\u00bb{}\u00bb][\/et_pb_wc_related_products][\/et_pb_column][\/et_pb_row][\/et_pb_section]<\/p>\n","protected":false},"excerpt":{"rendered":"<div class=\"vtex-render__container-id-bonosCondicionesUso\">\n<div class=\"vtex-flex-layout-0-x-flexRow vtex-flex-layout-0-x-flexRow--paddingContenedores vtex-flex-layout-0-x-flexRow--bg--light-gray\" aria-label=\"Secci\u00f3n fila\">\n<section class=\"vtex-store-components-3-x-container ph3 ph5-m ph2-xl mw9 center \">\n<div class=\"flex mt0 mb7 pt0 pb0 justify-start vtex-flex-layout-0-x-flexRowContent vtex-flex-layout-0-x-flexRowContent--paddingContenedores vtex-flex-layout-0-x-flexRowContent--bg--light-gray items-stretch w-100\">\n<div class=\"pr0 items-stretch vtex-flex-layout-0-x-stretchChildrenWidth flex\">\n<div class=\"vtex-store-components-3-x-productDescriptionContainer\">\n<div class=\"vtex-store-components-3-x-productDescriptionText c-muted-1\">\n<div class=\"vtex-store-components-3-x-container relative\">\n<div class=\"vtex-store-components-3-x-content h-auto\">\n<p>Desde una infancia marcada por el dolor hasta convertirse en una voz poderosa en las redes y la m\u00fasica, Alexa Torrex abre su coraz\u00f3n en estas p\u00e1ginas con una honestidad profunda.<\/p>\n<p>Criada en un barrio humilde, enfrent\u00f3 maltrato, bullying y carencias econ\u00f3micas. Pero encontr\u00f3 en la m\u00fasica, en la escuela y en las redes sociales, una forma de resistir. A los quince a\u00f1os grab\u00f3 su primera canci\u00f3n. M\u00e1s tarde se abri\u00f3 camino en YouTube, convirti\u00e9ndose en una de las creadoras m\u00e1s queridas del pa\u00eds, con m\u00e1s de 18 millones de seguidores tambi\u00e9n en TikTok e Instagram.<\/p>\n<p><span style=\"color: #ff6600;\"><strong>Tu libro estar\u00e1 llegando entre el 4 y el 12 de diciembre<\/strong><\/span><br \/>\n<span style=\"color: #ff6600;\"><strong>Solo en territorio colombiano<\/strong><\/span><\/p>\n<\/div>\n<\/div>\n<\/div>\n<\/div>\n<\/div>\n<\/div>\n<\/section>\n<\/div>\n<\/div>\n","protected":false},"featured_media":733,"comment_status":"open","ping_status":"closed","template":"","meta":{"_et_pb_use_builder":"on","_et_pb_old_content":"Desde una infancia marcada por el dolor hasta convertirse en una voz poderosa en las redes y la m\u00fasica, Alexa Torrex abre su coraz\u00f3n en estas p\u00e1ginas con una honestidad profunda.\r\n\r\nCriada en un barrio humilde, enfrent\u00f3 maltrato, bullying y carencias econ\u00f3micas. Pero encontr\u00f3 en la m\u00fasica, en la escuela y en las redes sociales, una forma de resistir. A los quince a\u00f1os grab\u00f3 su primera canci\u00f3n. M\u00e1s tarde se abri\u00f3 camino en YouTube, convirti\u00e9ndose en una de las creadoras m\u00e1s queridas del pa\u00eds, con m\u00e1s de 18 millones de seguidores tambi\u00e9n en TikTok e Instagram.\r\n\r\nEste libro recorre sus heridas m\u00e1s profundas, incluyendo episodios de abuso, y c\u00f3mo la fe, la familia y la constancia la ayudaron a sanar.\r\n\r\nNi\u00f1a de Barrio es una carta de amor a quienes no se rinden, es un testimonio de lucha, reinvenci\u00f3n y fe. Un libro para quienes, como Alexa, saben que lo normal es aburrido y que ser diferente tambi\u00e9n es una\u00a0forma\u00a0de\u00a0\u00e9xito.\r\n<!--more-->\r\n\r\nAlexa Torrex es comunicadora social, cantante y creadora de contenido nacida en C\u00facuta, Colombia. Desde peque\u00f1a encontr\u00f3 en la m\u00fasica y el humor un refugio frente a las adversidades de su entorno, convirti\u00e9ndose en una voz aut\u00e9ntica para miles de j\u00f3venes que se identifican con su historia. Fundadora de la Familia Recocha y l\u00edder del proyecto Club Uva, ha construido una comunidad s\u00f3lida que mezcla talento, transparencia y prop\u00f3sito.\r\n\r\nHa participado en exitosos programas como Yo Me Llamo, y actualmente fue elegida para ser parte de la Casa de los\u00a0Famosos\u00a02026.","_et_gb_content_width":"","_joinchat":[]},"product_brand":[],"product_cat":[25],"product_tag":[28,27],"class_list":{"0":"post-743","1":"product","2":"type-product","3":"status-publish","4":"has-post-thumbnail","6":"product_cat-faro","7":"product_tag-alexa-torrex","8":"product_tag-nina-de-barrio","10":"first","11":"onbackorder","12":"shipping-taxable","13":"purchasable","14":"product-type-simple","15":"berocket_lgv_grid","16":"berocket_lgv_list_grid"},"aioseo_notices":[],"jetpack_sharing_enabled":true,"_links":{"self":[{"href":"https:\/\/infinitoeditorial.com\/index.php\/wp-json\/wp\/v2\/product\/743","targetHints":{"allow":["GET"]}}],"collection":[{"href":"https:\/\/infinitoeditorial.com\/index.php\/wp-json\/wp\/v2\/product"}],"about":[{"href":"https:\/\/infinitoeditorial.com\/index.php\/wp-json\/wp\/v2\/types\/product"}],"replies":[{"embeddable":true,"href":"https:\/\/infinitoeditorial.com\/index.php\/wp-json\/wp\/v2\/comments?post=743"}],"wp:featuredmedia":[{"embeddable":true,"href":"https:\/\/infinitoeditorial.com\/index.php\/wp-json\/wp\/v2\/media\/733"}],"wp:attachment":[{"href":"https:\/\/infinitoeditorial.com\/index.php\/wp-json\/wp\/v2\/media?parent=743"}],"wp:term":[{"taxonomy":"product_brand","embeddable":true,"href":"https:\/\/infinitoeditorial.com\/index.php\/wp-json\/wp\/v2\/product_brand?post=743"},{"taxonomy":"product_cat","embeddable":true,"href":"https:\/\/infinitoeditorial.com\/index.php\/wp-json\/wp\/v2\/product_cat?post=743"},{"taxonomy":"product_tag","embeddable":true,"href":"https:\/\/infinitoeditorial.com\/index.php\/wp-json\/wp\/v2\/product_tag?post=743"}],"curies":[{"name":"wp","href":"https:\/\/api.w.org\/{rel}","templated":true}]}}